{"id":953,"date":"2025-04-30T06:49:59","date_gmt":"2025-04-30T06:49:59","guid":{"rendered":"https:\/\/ebner1822.at\/?page_id=953"},"modified":"2025-05-05T16:13:56","modified_gmt":"2025-05-05T16:13:56","slug":"stampa","status":"publish","type":"page","link":"https:\/\/ebner1822.at\/it\/presse\/","title":{"rendered":"Stampa"},"content":{"rendered":"<div data-elementor-type=\"wp-page\" data-elementor-id=\"953\" class=\"elementor elementor-953\" data-elementor-post-type=\"page\">\n\t\t\t\t<div class=\"elementor-element elementor-element-c903920 e-flex e-con-boxed e-con e-parent\" data-id=\"c903920\" data-element_type=\"container\" data-e-type=\"container\">\n\t\t\t\t\t<div class=\"e-con-inner\">\n\t\t\t\t<div class=\"elementor-element elementor-element-aa8d352 elementor-widget elementor-widget-heading\" data-id=\"aa8d352\" data-element_type=\"widget\" data-e-type=\"widget\" data-widget_type=\"heading.default\">\n\t\t\t\t<div class=\"elementor-widget-container\">\n\t\t\t\t\t<h2 class=\"elementor-heading-title elementor-size-default\">Area stampa<\/h2>\t\t\t\t<\/div>\n\t\t\t\t<\/div>\n\t\t\t\t<div class=\"elementor-element elementor-element-1b4b25e elementor-widget elementor-widget-text-editor\" data-id=\"1b4b25e\" data-element_type=\"widget\" data-e-type=\"widget\" data-widget_type=\"text-editor.default\">\n\t\t\t\t<div class=\"elementor-widget-container\">\n\t\t\t\t\t\t\t\t\t<p>Qui troverete comunicati stampa, immagini e testi da scaricare. I materiali forniti possono essere utilizzati liberamente per scopi editoriali.<\/p><p><strong>Immagini:<\/strong><br \/>Le nostre foto per la stampa sono disponibili in alta risoluzione. Si prega di citare il seguente credito fotografico quando si utilizzano le immagini:<br \/><strong>Foto:<\/strong> Michaela Hochmayer, Bluelights Photography \u00a9 Ebner1822.atLe immagini possono essere utilizzate solo in relazione a servizi editoriali sulla nostra azienda o sulle nostre offerte.<\/p><p><strong>Testi:<\/strong><br \/>I comunicati stampa forniti possono essere liberamente utilizzati, citati o estratti. Si prega di assicurarsi che il contenuto sia corretto e veritiero.<\/p><p>Per ulteriori domande o per richiedere materiale aggiuntivo, non esitate a contattarci.<\/p>\t\t\t\t\t\t\t\t<\/div>\n\t\t\t\t<\/div>\n\t\t\t\t<div class=\"elementor-element elementor-element-74199b8 elementor-widget elementor-widget-button\" data-id=\"74199b8\" data-element_type=\"widget\" data-e-type=\"widget\" data-widget_type=\"button.default\">\n\t\t\t\t<div class=\"elementor-widget-container\">\n\t\t\t\t\t\t\t\t\t<div class=\"elementor-button-wrapper\">\n\t\t\t\t\t<a class=\"elementor-button elementor-button-link elementor-size-sm\" href=\"https:\/\/drive.google.com\/drive\/folders\/1r3SBE7Eh-g1JFHUxnLM7vhr7AppOLgfU?usp=drive_link01_EBNER%201822\/bluelights_Sonnleitner_Ebner1822.zip\" target=\"_blank\" rel=\"noopener\">\n\t\t\t\t\t\t<span class=\"elementor-button-content-wrapper\">\n\t\t\t\t\t\t\t\t\t<span class=\"elementor-button-text\">Immagini da scaricare (ZIP circa 200MP)<\/span>\n\t\t\t\t\t<\/span>\n\t\t\t\t\t<\/a>\n\t\t\t\t<\/div>\n\t\t\t\t\t\t\t\t<\/div>\n\t\t\t\t<\/div>\n\t\t\t\t<div class=\"elementor-element elementor-element-02c441b elementor-widget elementor-widget-button\" data-id=\"02c441b\" data-element_type=\"widget\" data-e-type=\"widget\" data-widget_type=\"button.default\">\n\t\t\t\t<div class=\"elementor-widget-container\">\n\t\t\t\t\t\t\t\t\t<div class=\"elementor-button-wrapper\">\n\t\t\t\t\t<a class=\"elementor-button elementor-button-link elementor-size-sm\" href=\"https:\/\/drive.google.com\/drive\/folders\/1EJwnfNQXe7O9siqkmaOyG4q-4o8xDgcg?usp=sharing\" target=\"_blank\" rel=\"noopener\">\n\t\t\t\t\t\t<span class=\"elementor-button-content-wrapper\">\n\t\t\t\t\t\t\t\t\t<span class=\"elementor-button-text\">Testi da scaricare (circa 300KB)<\/span>\n\t\t\t\t\t<\/span>\n\t\t\t\t\t<\/a>\n\t\t\t\t<\/div>\n\t\t\t\t\t\t\t\t<\/div>\n\t\t\t\t<\/div>\n\t\t\t\t\t<\/div>\n\t\t\t\t<\/div>\n\t\t\t\t<\/div>","protected":false},"excerpt":{"rendered":"<p>Pressebereich Hier finden Sie aktuelle Presseinformationen, Bilder und Texte zum Download. Die bereitgestellten Materialien d\u00fcrfen f\u00fcr redaktionelle Zwecke frei verwendet werden. Bilder:Unsere Pressebilder stehen Ihnen in hoher Aufl\u00f6sung zur Verf\u00fcgung. Bitte geben Sie bei der Verwendung der Bilder den folgenden Fotocredit an:Foto: Michaela Hochmayer, Bluelights Photography \u00a9 Ebner1822.atDie Bilder d\u00fcrfen ausschlie\u00dflich im Zusammenhang mit einer [&hellip;]<\/p>\n","protected":false},"author":1,"featured_media":0,"parent":0,"menu_order":0,"comment_status":"closed","ping_status":"closed","template":"","meta":{"footnotes":""},"class_list":["post-953","page","type-page","status-publish","hentry"],"_links":{"self":[{"href":"https:\/\/ebner1822.at\/it\/wp-json\/wp\/v2\/pages\/953","targetHints":{"allow":["GET"]}}],"collection":[{"href":"https:\/\/ebner1822.at\/it\/wp-json\/wp\/v2\/pages"}],"about":[{"href":"https:\/\/ebner1822.at\/it\/wp-json\/wp\/v2\/types\/page"}],"author":[{"embeddable":true,"href":"https:\/\/ebner1822.at\/it\/wp-json\/wp\/v2\/users\/1"}],"replies":[{"embeddable":true,"href":"https:\/\/ebner1822.at\/it\/wp-json\/wp\/v2\/comments?post=953"}],"version-history":[{"count":25,"href":"https:\/\/ebner1822.at\/it\/wp-json\/wp\/v2\/pages\/953\/revisions"}],"predecessor-version":[{"id":986,"href":"https:\/\/ebner1822.at\/it\/wp-json\/wp\/v2\/pages\/953\/revisions\/986"}],"wp:attachment":[{"href":"https:\/\/ebner1822.at\/it\/wp-json\/wp\/v2\/media?parent=953"}],"curies":[{"name":"wp","href":"https:\/\/api.w.org\/{rel}","templated":true}]}}