{"id":849,"date":"2025-04-05T06:26:18","date_gmt":"2025-04-05T06:26:18","guid":{"rendered":"https:\/\/ebner1822.at\/?page_id=849"},"modified":"2025-04-06T07:11:27","modified_gmt":"2025-04-06T07:11:27","slug":"impronta","status":"publish","type":"page","link":"https:\/\/ebner1822.at\/it\/impressum\/","title":{"rendered":"Impronta"},"content":{"rendered":"<div data-elementor-type=\"wp-page\" data-elementor-id=\"849\" class=\"elementor elementor-849\" data-elementor-post-type=\"page\">\n\t\t\t\t<div class=\"elementor-element elementor-element-2608de5 e-flex e-con-boxed e-con e-parent\" data-id=\"2608de5\" data-element_type=\"container\" data-e-type=\"container\">\n\t\t\t\t\t<div class=\"e-con-inner\">\n\t\t\t\t<div class=\"elementor-element elementor-element-9939d5f elementor-widget elementor-widget-text-editor\" data-id=\"9939d5f\" data-element_type=\"widget\" data-e-type=\"widget\" data-widget_type=\"text-editor.default\">\n\t\t\t\t<div class=\"elementor-widget-container\">\n\t\t\t\t\t\t\t\t\t<h1><b>Impronta<\/b><\/h1><p class=\"p2\"><strong>Ebner 1822<\/strong><br \/>MARIO E BARBARA SONNLEITNER<br \/>Gurk 21<br \/>9563 Gnesau<\/p><p class=\"p2\">Carinzia, Austria<\/p><p class=\"p2\">Telefono: +43 676 540 1016<br \/>E-mail: <a href=\"mailto:urlaub@ebner1822.at\">urlaub@ebner1822.at<\/a><\/p><p class=\"p2\">Web: ebner1822.at<\/p><p class=\"p2\">Licenza commerciale: Locazione di alloggi per vacanze<\/p><p class=\"p2\">Autorit\u00e0 di vigilanza: Autorit\u00e0 distrettuale di Feldkirchen<\/p><p class=\"p2\">Membro della Camera economica federale austriaca (WKO)<\/p><p class=\"p2\">Numero di identificazione dell'imposta sulle vendite: ATU 80287128<\/p><p class=\"p1\"><b>Responsabilit\u00e0 per i contenuti:<\/b><b><\/b><\/p><p class=\"p2\">Tutti i contenuti di questo sito sono stati creati con la massima cura. Tuttavia, non ci assumiamo alcuna responsabilit\u00e0 per la correttezza, la completezza e l'attualit\u00e0 delle informazioni fornite.<\/p><p><strong>Web design:<\/strong><\/p><p>Harald Palma<br \/>Hahngasse 5<br \/>1090 Vienna<br \/><a href=\"https:\/\/haraldpalma.com\" target=\"_blank\" rel=\"noopener\">haraldpalma.com<\/a><\/p><p><strong>Foto:<br \/><\/strong><\/p><p class=\"p1\">Michaela Hochmayer<br \/>Bluelights Photography e.U.<br \/>R\u00f6merquellenstra\u00dfe 12<br \/>A-2413 Edelstal<br \/><a href=\"https:\/\/www.instagram.com\/michaelahochmayer.photography\/\" target=\"_blank\" rel=\"noopener\">Instagram<\/a><\/p><p><strong>Tour e video in 3D:<\/strong><\/p><div class=\"footer-address-widget__company-name footer-address-widget__entry\">VP Produzione - Agenzia video Valentin Ptok<\/div><div class=\"footer-address-widget__content\"><div class=\"footer-address-widget__entry h-adr\"><span class=\"p-street-address\">Via Feldkirchner 15<\/span> \u00a0<span class=\"p-postal-code\">9556<\/span>\u00a0<span class=\"p-locality\">Liebenfels<br \/><a href=\"https:\/\/www.video-ptok.at\/\" target=\"_blank\" rel=\"noopener\">VP Produzione<\/a><\/span><\/div><\/div><p><strong>\u00a0<\/strong><\/p><p class=\"p1\"><b>Responsabilit\u00e0 per i link:<\/b><b><\/b><\/p><p class=\"p2\">Il nostro sito web contiene link a siti esterni di terzi. Il rispettivo fornitore \u00e8 sempre responsabile del contenuto di questi siti.<\/p>\t\t\t\t\t\t\t\t<\/div>\n\t\t\t\t<\/div>\n\t\t\t\t\t<\/div>\n\t\t\t\t<\/div>\n\t\t\t\t<\/div>","protected":false},"excerpt":{"rendered":"<p>Impressum Ebner 1822MARIO &amp; BARBARA SONNLEITNERGurk 219563 Gnesau K\u00e4rnten, \u00d6sterreich Telefon: +43 676 540 1016E-Mail: urlaub@ebner1822.at Web: ebner1822.at Gewerbeberechtigung: Vermietung von Ferienunterk\u00fcnften Aufsichtsbeh\u00f6rde: Bezirkshauptmannschaft Feldkirchen Mitglied der Wirtschaftskammer \u00d6sterreich (WKO) Umsatzsteuer-Identifikationsnummer: ATU 80287128 Haftung f\u00fcr Inhalte: Alle Inhalte dieser Website wurden mit gr\u00f6\u00dfter Sorgfalt erstellt. F\u00fcr die Richtigkeit, Vollst\u00e4ndigkeit und Aktualit\u00e4t k\u00f6nnen wir jedoch keine [&hellip;]<\/p>\n","protected":false},"author":1,"featured_media":0,"parent":0,"menu_order":0,"comment_status":"closed","ping_status":"closed","template":"","meta":{"footnotes":""},"class_list":["post-849","page","type-page","status-publish","hentry"],"_links":{"self":[{"href":"https:\/\/ebner1822.at\/it\/wp-json\/wp\/v2\/pages\/849","targetHints":{"allow":["GET"]}}],"collection":[{"href":"https:\/\/ebner1822.at\/it\/wp-json\/wp\/v2\/pages"}],"about":[{"href":"https:\/\/ebner1822.at\/it\/wp-json\/wp\/v2\/types\/page"}],"author":[{"embeddable":true,"href":"https:\/\/ebner1822.at\/it\/wp-json\/wp\/v2\/users\/1"}],"replies":[{"embeddable":true,"href":"https:\/\/ebner1822.at\/it\/wp-json\/wp\/v2\/comments?post=849"}],"version-history":[{"count":13,"href":"https:\/\/ebner1822.at\/it\/wp-json\/wp\/v2\/pages\/849\/revisions"}],"predecessor-version":[{"id":890,"href":"https:\/\/ebner1822.at\/it\/wp-json\/wp\/v2\/pages\/849\/revisions\/890"}],"wp:attachment":[{"href":"https:\/\/ebner1822.at\/it\/wp-json\/wp\/v2\/media?parent=849"}],"curies":[{"name":"wp","href":"https:\/\/api.w.org\/{rel}","templated":true}]}}