{"id":844,"date":"2025-04-05T06:04:45","date_gmt":"2025-04-05T06:04:45","guid":{"rendered":"https:\/\/ebner1822.at\/?page_id=844"},"modified":"2025-04-06T06:11:52","modified_gmt":"2025-04-06T06:11:52","slug":"protezione-dei-dati","status":"publish","type":"page","link":"https:\/\/ebner1822.at\/it\/datenschutz\/","title":{"rendered":"Protezione dei dati"},"content":{"rendered":"<div data-elementor-type=\"wp-page\" data-elementor-id=\"844\" class=\"elementor elementor-844\" data-elementor-post-type=\"page\">\n\t\t\t\t<div class=\"elementor-element elementor-element-8396d87 e-flex e-con-boxed e-con e-parent\" data-id=\"8396d87\" data-element_type=\"container\" data-e-type=\"container\">\n\t\t\t\t\t<div class=\"e-con-inner\">\n\t\t\t\t<div class=\"elementor-element elementor-element-a07e121 elementor-widget elementor-widget-text-editor\" data-id=\"a07e121\" data-element_type=\"widget\" data-e-type=\"widget\" data-widget_type=\"text-editor.default\">\n\t\t\t\t<div class=\"elementor-widget-container\">\n\t\t\t\t\t\t\t\t\t<h1 class=\"p1\"><b>Protezione dei dati<\/b><\/h1><p class=\"p1\"><b>1. introduzione e panoramica<\/b><b><\/b><\/p><p class=\"p3\">La protezione dei vostri dati personali ci sta particolarmente a cuore. Per questo motivo trattiamo i vostri dati esclusivamente sulla base delle disposizioni di legge (GDPR, TKG 2003). In questa informativa sulla privacy vi informiamo sugli aspetti pi\u00f9 importanti del trattamento dei dati sul nostro sito web.<\/p><p class=\"p1\"><b>2. organo responsabile<\/b><b><\/b><\/p><p class=\"p4\"><b>MARIO E BARBARA SONNLEITNER<\/b><b><\/b><\/p><p class=\"p3\">Gurk 21<br \/>9563 Gnesau, Carinzia<br \/>Austria<\/p><p class=\"p3\">Tel: +43 676 540 1016<br \/>E-mail: <a href=\"mailto:urlaub@ebner1822.at\">urlaub@ebner1822.at<\/a><\/p><p class=\"p1\"><b>3. hosting e CMS<\/b><b><\/b><\/p><p class=\"p3\">Il nostro sito web si basa su <span class=\"s1\"><b>WordPress<\/b><\/span>. Il trattamento dei dati avviene su server di un provider di hosting austriaco -. <a href=\"https:\/\/haraldpalma.com\" target=\"_blank\" rel=\"noopener\">haraldpalma.com<\/a> e <a href=\"https:\/\/www.digimagical.com\/\" target=\"_blank\" rel=\"noopener\">Digimagical . <\/a><br \/>WordPress memorizza i dati tecnicamente necessari, come gli indirizzi IP, al fine di operare il sito web in modo sicuro e funzionale.<\/p><p class=\"p1\"><b>4. creazione di siti web con Elementor e Elementor Pro<\/b><b><\/b><\/p><p class=\"p3\">Il nostro sito web utilizza <span class=\"s1\"><b>Elementor<\/b><\/span> per il design visivo. I dati possono essere elaborati temporaneamente, soprattutto quando si utilizzano i moduli. Nessun dato personale viene memorizzato o trasmesso senza il vostro attivo contributo.<\/p><p class=\"p1\"><b>5\u00b0 plugin SEO Classifica matematica<\/b><b><\/b><\/p><p class=\"p3\">Per l'ottimizzazione dei motori di ricerca utilizziamo <span class=\"s1\"><b>Classifica matematica<\/b><\/span>uno strumento SEO locale che non memorizza n\u00e9 elabora i dati personali dei visitatori.<\/p><p class=\"p1\"><b>6. entrare in contatto<\/b><b><\/b><\/p><p class=\"p3\">Se ci contattate tramite un modulo o un'e-mail, i vostri dati saranno conservati da noi per sei mesi per elaborare la vostra richiesta e per eventuali domande successive. I vostri dati non verranno trasmessi senza il vostro consenso.<\/p><p class=\"p1\"><b>7 Contenuti integrati e servizi esterni<\/b><b><\/b><\/p><p class=\"p5\"><b>YouTube<\/b><b><\/b><\/p><p class=\"p3\">I video di YouTube sono incorporati nel nostro sito web. Il provider \u00e8 Google Ireland Ltd. Al momento del caricamento dei video pu\u00f2 essere stabilita una connessione ai server di YouTube. Si applicano le linee guida di Google sulla protezione dei dati.<\/p><p class=\"p5\"><b>Tour 3D (ad es. Matterport)<\/b><b><\/b><\/p><p class=\"p3\">Offriamo un tour virtuale incorporato tramite un fornitore esterno. Durante il caricamento di questo contenuto, il vostro indirizzo IP pu\u00f2 essere trasmesso al fornitore del servizio. Si applicano le loro disposizioni in materia di protezione dei dati.<\/p><p class=\"p5\"><b>Link a Facebook e Instagram<\/b><b><\/b><\/p><p class=\"p3\">Il nostro sito web contiene collegamenti ai nostri profili di social media su <span class=\"s1\"><b>Facebook<\/b><\/span> e <span class=\"s1\"><b>Instagram<\/b><\/span>. Cliccando su questi link si esce dal nostro sito web. Si applicano le rispettive disposizioni sulla protezione dei dati delle piattaforme.<\/p><p class=\"p5\"><b>Google Analytics<\/b><b><\/b><\/p><p class=\"p3\">Questo sito web utilizza <span class=\"s1\"><b>Google Analytics<\/b><\/span>Google Analytics utilizza i cookie per raccogliere e analizzare le informazioni sull'utilizzo del sito web. L'indirizzo IP viene anonimizzato (anonimizzazione IP).<\/p><p class=\"p3\">Potete impedire la raccolta dei vostri dati da parte di Google Analytics <a href=\"https:\/\/tools.google.com\/dlpage\/gaoptout?hl=de\" target=\"_blank\" rel=\"noopener\">questo componente aggiuntivo del browser<\/a> installare.<\/p><p class=\"p1\"><b>8. biscotti<\/b><b><\/b><\/p><p class=\"p3\">Il nostro sito web utilizza i cookie per fornire le funzioni di base. Al momento della prima visita, l'utente pu\u00f2 decidere autonomamente quali cookie accettare. I dettagli sono riportati nella nostra politica sui cookie.<\/p><p class=\"p1\"><b>9. I vostri diritti<\/b><b><\/b><\/p><p class=\"p3\">Avete il diritto di:<\/p><p class=\"p6\">-Informazioni<\/p><p class=\"p6\">-Correzione<\/p><p class=\"p6\">-Cancellazione<\/p><p class=\"p6\">-Limitazione del trattamento<\/p><p class=\"p6\">-Portabilit\u00e0 dei dati<\/p><p class=\"p6\">-Revoca delle autorizzazioni concesse<\/p><p class=\"p6\">-Obiezione al trattamento dei dati<\/p><p class=\"p3\">In caso di dubbi, si prega di contattare <span class=\"s1\"><b>urlaub@ebner1822.at<\/b><\/span> o l'autorit\u00e0 di vigilanza competente in Austria.<\/p><p class=\"p1\"><b>10. modifiche<\/b><b><\/b><\/p><p class=\"p3\">La presente informativa sulla privacy pu\u00f2 essere aggiornata se necessario. La versione attuale \u00e8 pubblicata sul nostro sito web.<\/p>\t\t\t\t\t\t\t\t<\/div>\n\t\t\t\t<\/div>\n\t\t\t\t\t<\/div>\n\t\t\t\t<\/div>\n\t\t\t\t<\/div>","protected":false},"excerpt":{"rendered":"<p>Datenschutz 1. Einleitung und \u00dcberblick Der Schutz Ihrer pers\u00f6nlichen Daten ist uns ein besonderes Anliegen. Wir verarbeiten Ihre Daten daher ausschlie\u00dflich auf Grundlage der gesetzlichen Bestimmungen (DSGVO, TKG 2003). In dieser Datenschutzerkl\u00e4rung informieren wir Sie \u00fcber die wichtigsten Aspekte der Datenverarbeitung im Rahmen unserer Website. 2. Verantwortliche Stelle MARIO &amp; BARBARA SONNLEITNER Gurk 219563 Gnesau, [&hellip;]<\/p>\n","protected":false},"author":1,"featured_media":0,"parent":0,"menu_order":0,"comment_status":"closed","ping_status":"closed","template":"","meta":{"footnotes":""},"class_list":["post-844","page","type-page","status-publish","hentry"],"_links":{"self":[{"href":"https:\/\/ebner1822.at\/it\/wp-json\/wp\/v2\/pages\/844","targetHints":{"allow":["GET"]}}],"collection":[{"href":"https:\/\/ebner1822.at\/it\/wp-json\/wp\/v2\/pages"}],"about":[{"href":"https:\/\/ebner1822.at\/it\/wp-json\/wp\/v2\/types\/page"}],"author":[{"embeddable":true,"href":"https:\/\/ebner1822.at\/it\/wp-json\/wp\/v2\/users\/1"}],"replies":[{"embeddable":true,"href":"https:\/\/ebner1822.at\/it\/wp-json\/wp\/v2\/comments?post=844"}],"version-history":[{"count":10,"href":"https:\/\/ebner1822.at\/it\/wp-json\/wp\/v2\/pages\/844\/revisions"}],"predecessor-version":[{"id":882,"href":"https:\/\/ebner1822.at\/it\/wp-json\/wp\/v2\/pages\/844\/revisions\/882"}],"wp:attachment":[{"href":"https:\/\/ebner1822.at\/it\/wp-json\/wp\/v2\/media?parent=844"}],"curies":[{"name":"wp","href":"https:\/\/api.w.org\/{rel}","templated":true}]}}