{"id":237,"date":"2024-11-19T16:42:53","date_gmt":"2024-11-19T16:42:53","guid":{"rendered":"https:\/\/ebner1822.at\/?page_id=237"},"modified":"2026-03-11T18:32:14","modified_gmt":"2026-03-11T18:32:14","slug":"prezzi-di-affitto-case-esclusive-in-balle-di-paglia-ebner-1822","status":"publish","type":"page","link":"https:\/\/ebner1822.at\/it\/mietpreise-exklusive-strohballenhaeuser-ebner-1822\/","title":{"rendered":"Prezzi"},"content":{"rendered":"<div data-elementor-type=\"wp-page\" data-elementor-id=\"237\" class=\"elementor elementor-237\" data-elementor-post-type=\"page\">\n\t\t\t\t<div class=\"elementor-element elementor-element-43429a76 e-flex e-con-boxed e-con e-parent\" data-id=\"43429a76\" data-element_type=\"container\" data-e-type=\"container\">\n\t\t\t\t\t<div class=\"e-con-inner\">\n\t\t<div class=\"elementor-element elementor-element-545cf710 e-con-full e-flex e-con e-child\" data-id=\"545cf710\" data-element_type=\"container\" data-e-type=\"container\" data-settings=\"{&quot;background_background&quot;:&quot;classic&quot;}\">\n\t\t<div class=\"elementor-element elementor-element-4e7f8cf9 e-con-full e-flex e-con e-child\" data-id=\"4e7f8cf9\" data-element_type=\"container\" data-e-type=\"container\" data-settings=\"{&quot;background_background&quot;:&quot;classic&quot;}\">\n\t\t\t\t<div class=\"elementor-element elementor-element-5e09e139 elementor-widget elementor-widget-heading\" data-id=\"5e09e139\" data-element_type=\"widget\" data-e-type=\"widget\" data-widget_type=\"heading.default\">\n\t\t\t\t<div class=\"elementor-widget-container\">\n\t\t\t\t\t<h2 class=\"elementor-heading-title elementor-size-default\">Tre case. Una sensazione di esclusivit\u00e0 - per momenti speciali nelle Alpi<\/h2>\t\t\t\t<\/div>\n\t\t\t\t<\/div>\n\t\t\t\t<div class=\"elementor-element elementor-element-51b21978 elementor-widget elementor-widget-button\" data-id=\"51b21978\" data-element_type=\"widget\" data-e-type=\"widget\" data-widget_type=\"button.default\">\n\t\t\t\t<div class=\"elementor-widget-container\">\n\t\t\t\t\t\t\t\t\t<div class=\"elementor-button-wrapper\">\n\t\t\t\t\t<a class=\"elementor-button elementor-button-link elementor-size-sm\" href=\"https:\/\/ebner1822.at\/it\/prenotazione-diretta\/\">\n\t\t\t\t\t\t<span class=\"elementor-button-content-wrapper\">\n\t\t\t\t\t\t\t\t\t<span class=\"elementor-button-text\">Prenota ora<\/span>\n\t\t\t\t\t<\/span>\n\t\t\t\t\t<\/a>\n\t\t\t\t<\/div>\n\t\t\t\t\t\t\t\t<\/div>\n\t\t\t\t<\/div>\n\t\t\t\t<div class=\"elementor-element elementor-element-189adb6e elementor-widget elementor-widget-text-editor\" data-id=\"189adb6e\" data-element_type=\"widget\" data-e-type=\"widget\" data-widget_type=\"text-editor.default\">\n\t\t\t\t<div class=\"elementor-widget-container\">\n\t\t\t\t\t\t\t\t\t<h2 data-start=\"746\" data-end=\"792\"><strong data-start=\"750\" data-end=\"790\">L'esclusivit\u00e0 incontra la natura e il comfort:<\/strong><\/h2><p data-start=\"163\" data-end=\"439\"><strong data-start=\"163\" data-end=\"177\">Ebner 1822<\/strong> non \u00e8 una classica casa vacanze, ma un luogo dove rilassarsi in coppia.<br data-start=\"268\" data-end=\"271\" \/>Solo <strong data-start=\"275\" data-end=\"305\">Tre case naturali esclusive<\/strong> sono disponibili per voi - ognuno costruito con paglia, argilla e legno, con grande attenzione ai dettagli e un senso dell'essenziale.<\/p><p data-start=\"441\" data-end=\"684\">Direttamente al <strong data-start=\"451\" data-end=\"460\">Stagno<\/strong>con una vista senza ostacoli sul <strong data-start=\"487\" data-end=\"501\">Karawanken<\/strong> e il verde circostante, godetevi <strong data-start=\"540\" data-end=\"570\">Privacy e visione<\/strong> - eppure il villaggio non \u00e8 lontano. Un luogo dove fermarsi, staccare la spina. E per ritrovare se stessi.<\/p>\t\t\t\t\t\t\t\t<\/div>\n\t\t\t\t<\/div>\n\t\t\t\t<\/div>\n\t\t\t\t<\/div>\n\t\t<div class=\"elementor-element elementor-element-71be6a8f e-con-full e-flex e-con e-child\" data-id=\"71be6a8f\" data-element_type=\"container\" data-e-type=\"container\">\n\t\t\t\t<div class=\"elementor-element elementor-element-79595c04 elementor-widget elementor-widget-image\" data-id=\"79595c04\" data-element_type=\"widget\" data-e-type=\"widget\" data-widget_type=\"image.default\">\n\t\t\t\t<div class=\"elementor-widget-container\">\n\t\t\t\t\t\t\t\t\t\t\t\t\t\t\t<img fetchpriority=\"high\" decoding=\"async\" width=\"800\" height=\"534\" src=\"https:\/\/ebner1822.at\/wp-content\/uploads\/2026\/03\/23-Ebner-1822-23-1024x683.jpg\" class=\"attachment-large size-large wp-image-1853\" alt=\"Ebner 1822 - Accogliente camera da letto con vista sulla natura e vasca da bagno in mansarda.\" srcset=\"https:\/\/ebner1822.at\/wp-content\/uploads\/2026\/03\/23-Ebner-1822-23-1024x683.jpg 1024w, https:\/\/ebner1822.at\/wp-content\/uploads\/2026\/03\/23-Ebner-1822-23-300x200.jpg 300w, https:\/\/ebner1822.at\/wp-content\/uploads\/2026\/03\/23-Ebner-1822-23-768x512.jpg 768w, https:\/\/ebner1822.at\/wp-content\/uploads\/2026\/03\/23-Ebner-1822-23-1536x1024.jpg 1536w, https:\/\/ebner1822.at\/wp-content\/uploads\/2026\/03\/23-Ebner-1822-23-18x12.jpg 18w, https:\/\/ebner1822.at\/wp-content\/uploads\/2026\/03\/23-Ebner-1822-23.jpg 1800w\" sizes=\"(max-width: 800px) 100vw, 800px\" \/>\t\t\t\t\t\t\t\t\t\t\t\t\t\t\t<\/div>\n\t\t\t\t<\/div>\n\t\t\t\t<\/div>\n\t\t\t\t\t<\/div>\n\t\t\t\t<\/div>\n\t\t<div class=\"elementor-element elementor-element-2062312 e-flex e-con-boxed e-con e-parent\" data-id=\"2062312\" data-element_type=\"container\" data-e-type=\"container\">\n\t\t\t\t\t<div class=\"e-con-inner\">\n\t\t\t\t<div class=\"elementor-element elementor-element-17f6585 elementor-widget elementor-widget-heading\" data-id=\"17f6585\" data-element_type=\"widget\" data-e-type=\"widget\" data-widget_type=\"heading.default\">\n\t\t\t\t<div class=\"elementor-widget-container\">\n\t\t\t\t\t<h1 class=\"elementor-heading-title elementor-size-default\">Listino prezzi e orari<\/h1>\t\t\t\t<\/div>\n\t\t\t\t<\/div>\n\t\t\t\t\t<\/div>\n\t\t\t\t<\/div>\n\t\t<div class=\"elementor-element elementor-element-52de20a e-flex e-con-boxed e-con e-parent\" data-id=\"52de20a\" data-element_type=\"container\" data-e-type=\"container\">\n\t\t\t\t\t<div class=\"e-con-inner\">\n\t\t<div class=\"elementor-element elementor-element-30e82f6 e-con-full e-flex e-con e-child\" data-id=\"30e82f6\" data-element_type=\"container\" data-e-type=\"container\" data-settings=\"{&quot;background_background&quot;:&quot;classic&quot;}\">\n\t\t\t\t<div class=\"elementor-element elementor-element-b14218f elementor-view-default elementor-position-block-start elementor-mobile-position-block-start elementor-widget elementor-widget-icon-box\" data-id=\"b14218f\" data-element_type=\"widget\" data-e-type=\"widget\" data-widget_type=\"icon-box.default\">\n\t\t\t\t<div class=\"elementor-widget-container\">\n\t\t\t\t\t\t\t<div class=\"elementor-icon-box-wrapper\">\n\n\t\t\t\t\t\t<div class=\"elementor-icon-box-icon\">\n\t\t\t\t<span  class=\"elementor-icon\">\n\t\t\t\t<svg aria-hidden=\"true\" class=\"e-font-icon-svg e-fas-bed\" viewbox=\"0 0 640 512\" xmlns=\"http:\/\/www.w3.org\/2000\/svg\"><path d=\"M176 256c44.11 0 80-35.89 80-80s-35.89-80-80-80-80 35.89-80 80 35.89 80 80 80zm352-128H304c-8.84 0-16 7.16-16 16v144H64V80c0-8.84-7.16-16-16-16H16C7.16 64 0 71.16 0 80v352c0 8.84 7.16 16 16 16h32c8.84 0 16-7.16 16-16v-48h512v48c0 8.84 7.16 16 16 16h32c8.84 0 16-7.16 16-16V240c0-61.86-50.14-112-112-112z\"><\/path><\/svg>\t\t\t\t<\/span>\n\t\t\t<\/div>\n\t\t\t\n\t\t\t\t\t\t<div class=\"elementor-icon-box-content\">\n\n\t\t\t\t\t\t\t\t\t<h3 class=\"elementor-icon-box-title\">\n\t\t\t\t\t\t<span  >\n\t\t\t\t\t\t\tBassa stagione 2026\t\t\t\t\t\t<\/span>\n\t\t\t\t\t<\/h3>\n\t\t\t\t\n\t\t\t\t\t\t\t\t\t<p class=\"elementor-icon-box-description\">\n\t\t\t\t\t\t07.04.2026 - 04.07.2026:<\/br> \u20ac 184,00 per persona e notte<\/br><\/br>\n06.09.2026 - 20.12.2026:<\/br> \u20ac 184,00 per persona e notte<\/br><\/br>\n\n\n\t\t\t\t\t<\/p>\n\t\t\t\t\n\t\t\t<\/div>\n\t\t\t\n\t\t<\/div>\n\t\t\t\t\t\t<\/div>\n\t\t\t\t<\/div>\n\t\t\t\t<\/div>\n\t\t<div class=\"elementor-element elementor-element-c5aa3f5 e-con-full e-flex e-con e-child\" data-id=\"c5aa3f5\" data-element_type=\"container\" data-e-type=\"container\" data-settings=\"{&quot;background_background&quot;:&quot;classic&quot;}\">\n\t\t\t\t<div class=\"elementor-element elementor-element-e08f58e elementor-view-default elementor-position-block-start elementor-mobile-position-block-start elementor-widget elementor-widget-icon-box\" data-id=\"e08f58e\" data-element_type=\"widget\" data-e-type=\"widget\" data-widget_type=\"icon-box.default\">\n\t\t\t\t<div class=\"elementor-widget-container\">\n\t\t\t\t\t\t\t<div class=\"elementor-icon-box-wrapper\">\n\n\t\t\t\t\t\t<div class=\"elementor-icon-box-icon\">\n\t\t\t\t<span  class=\"elementor-icon\">\n\t\t\t\t<svg aria-hidden=\"true\" class=\"e-font-icon-svg e-fas-bed\" viewbox=\"0 0 640 512\" xmlns=\"http:\/\/www.w3.org\/2000\/svg\"><path d=\"M176 256c44.11 0 80-35.89 80-80s-35.89-80-80-80-80 35.89-80 80 35.89 80 80 80zm352-128H304c-8.84 0-16 7.16-16 16v144H64V80c0-8.84-7.16-16-16-16H16C7.16 64 0 71.16 0 80v352c0 8.84 7.16 16 16 16h32c8.84 0 16-7.16 16-16v-48h512v48c0 8.84 7.16 16 16 16h32c8.84 0 16-7.16 16-16V240c0-61.86-50.14-112-112-112z\"><\/path><\/svg>\t\t\t\t<\/span>\n\t\t\t<\/div>\n\t\t\t\n\t\t\t\t\t\t<div class=\"elementor-icon-box-content\">\n\n\t\t\t\t\t\t\t\t\t<h3 class=\"elementor-icon-box-title\">\n\t\t\t\t\t\t<span  >\n\t\t\t\t\t\t\tStagione principale 2026\t\t\t\t\t\t<\/span>\n\t\t\t\t\t<\/h3>\n\t\t\t\t\n\t\t\t\t\t\t\t\t\t<p class=\"elementor-icon-box-description\">\n\t\t\t\t\t\t10.01.2026 - 07.04.2026<br>\u20ac 199,00 per persona e notte<br><br>\n04.07.2026 - 06.09.2026<br> \u20ac 209,00 per persona e notte\t\t\t\t\t<\/p>\n\t\t\t\t\n\t\t\t<\/div>\n\t\t\t\n\t\t<\/div>\n\t\t\t\t\t\t<\/div>\n\t\t\t\t<\/div>\n\t\t\t\t<\/div>\n\t\t<div class=\"elementor-element elementor-element-8368b90 e-con-full e-flex e-con e-child\" data-id=\"8368b90\" data-element_type=\"container\" data-e-type=\"container\" data-settings=\"{&quot;background_background&quot;:&quot;classic&quot;}\">\n\t\t\t\t<div class=\"elementor-element elementor-element-224036b elementor-view-default elementor-position-block-start elementor-mobile-position-block-start elementor-widget elementor-widget-icon-box\" data-id=\"224036b\" data-element_type=\"widget\" data-e-type=\"widget\" data-widget_type=\"icon-box.default\">\n\t\t\t\t<div class=\"elementor-widget-container\">\n\t\t\t\t\t\t\t<div class=\"elementor-icon-box-wrapper\">\n\n\t\t\t\t\t\t<div class=\"elementor-icon-box-icon\">\n\t\t\t\t<span  class=\"elementor-icon\">\n\t\t\t\t<svg aria-hidden=\"true\" class=\"e-font-icon-svg e-fas-bed\" viewbox=\"0 0 640 512\" xmlns=\"http:\/\/www.w3.org\/2000\/svg\"><path d=\"M176 256c44.11 0 80-35.89 80-80s-35.89-80-80-80-80 35.89-80 80 35.89 80 80 80zm352-128H304c-8.84 0-16 7.16-16 16v144H64V80c0-8.84-7.16-16-16-16H16C7.16 64 0 71.16 0 80v352c0 8.84 7.16 16 16 16h32c8.84 0 16-7.16 16-16v-48h512v48c0 8.84 7.16 16 16 16h32c8.84 0 16-7.16 16-16V240c0-61.86-50.14-112-112-112z\"><\/path><\/svg>\t\t\t\t<\/span>\n\t\t\t<\/div>\n\t\t\t\n\t\t\t\t\t\t<div class=\"elementor-icon-box-content\">\n\n\t\t\t\t\t\t\t\t\t<h3 class=\"elementor-icon-box-title\">\n\t\t\t\t\t\t<span  >\n\t\t\t\t\t\t\tNatale<br> (prenotabile solo in blocco)\t\t\t\t\t\t<\/span>\n\t\t\t\t\t<\/h3>\n\t\t\t\t\n\t\t\t\t\t\t\t\t\t<p class=\"elementor-icon-box-description\">\n\t\t\t\t\t\t19.12.2026 \u2013 26.12.2026<br> \u20ac 249,50 per persona e notte<br><br>\n\t\t\t\t\t<\/p>\n\t\t\t\t\n\t\t\t<\/div>\n\t\t\t\n\t\t<\/div>\n\t\t\t\t\t\t<\/div>\n\t\t\t\t<\/div>\n\t\t\t\t<\/div>\n\t\t<div class=\"elementor-element elementor-element-c85f33d e-con-full e-flex e-con e-child\" data-id=\"c85f33d\" data-element_type=\"container\" data-e-type=\"container\" data-settings=\"{&quot;background_background&quot;:&quot;classic&quot;}\">\n\t\t\t\t<div class=\"elementor-element elementor-element-eaf3b51 elementor-view-default elementor-position-block-start elementor-mobile-position-block-start elementor-widget elementor-widget-icon-box\" data-id=\"eaf3b51\" data-element_type=\"widget\" data-e-type=\"widget\" data-widget_type=\"icon-box.default\">\n\t\t\t\t<div class=\"elementor-widget-container\">\n\t\t\t\t\t\t\t<div class=\"elementor-icon-box-wrapper\">\n\n\t\t\t\t\t\t<div class=\"elementor-icon-box-icon\">\n\t\t\t\t<span  class=\"elementor-icon\">\n\t\t\t\t<svg aria-hidden=\"true\" class=\"e-font-icon-svg e-fas-bed\" viewbox=\"0 0 640 512\" xmlns=\"http:\/\/www.w3.org\/2000\/svg\"><path d=\"M176 256c44.11 0 80-35.89 80-80s-35.89-80-80-80-80 35.89-80 80 35.89 80 80 80zm352-128H304c-8.84 0-16 7.16-16 16v144H64V80c0-8.84-7.16-16-16-16H16C7.16 64 0 71.16 0 80v352c0 8.84 7.16 16 16 16h32c8.84 0 16-7.16 16-16v-48h512v48c0 8.84 7.16 16 16 16h32c8.84 0 16-7.16 16-16V240c0-61.86-50.14-112-112-112z\"><\/path><\/svg>\t\t\t\t<\/span>\n\t\t\t<\/div>\n\t\t\t\n\t\t\t\t\t\t<div class=\"elementor-icon-box-content\">\n\n\t\t\t\t\t\t\t\t\t<h3 class=\"elementor-icon-box-title\">\n\t\t\t\t\t\t<span  >\n\t\t\t\t\t\t\tCapodanno<br> (prenotabile solo in blocco)\t\t\t\t\t\t<\/span>\n\t\t\t\t\t<\/h3>\n\t\t\t\t\n\t\t\t\t\t\t\t\t\t<p class=\"elementor-icon-box-description\">\n\t\t\t\t\t\t26.12.2026 \u2013 02.01.2027:<br> \u20ac 299,50 per persona e notte<br><br>\n\t\t\t\t\t<\/p>\n\t\t\t\t\n\t\t\t<\/div>\n\t\t\t\n\t\t<\/div>\n\t\t\t\t\t\t<\/div>\n\t\t\t\t<\/div>\n\t\t\t\t<\/div>\n\t\t\t\t\t<\/div>\n\t\t\t\t<\/div>\n\t\t<div class=\"elementor-element elementor-element-0f6c7f8 e-flex e-con-boxed e-con e-parent\" data-id=\"0f6c7f8\" data-element_type=\"container\" data-e-type=\"container\">\n\t\t\t\t\t<div class=\"e-con-inner\">\n\t\t\t\t<div class=\"elementor-element elementor-element-806770b elementor-widget elementor-widget-text-editor\" data-id=\"806770b\" data-element_type=\"widget\" data-e-type=\"widget\" data-widget_type=\"text-editor.default\">\n\t\t\t\t<div class=\"elementor-widget-container\">\n\t\t\t\t\t\t\t\t\t<h2><b>Informazioni aggiuntive:<\/b><\/h2><p><b> <\/b>- I prezzi si intendono per persona e notte per un'occupazione di 2 persone.<\/p><p>- Soggiorno minimo: 3 notti (eccetto Natale e Capodanno)<\/p><p>- Supplemento per soggiorni di 2 giorni o meno: \u20ac 30,00 a persona.<\/p><p>- Sconti per bambini: \u25e6 Bambini fino a 6 anni: gratis \u25e6 Bambini da 7 a 14 anni: \u20ac 60 a notte \u25e6 Persone da 15 a 18 anni: \u20ac 90,00 a notte \u25e6 Persone aggiuntive oltre i 18 anni: \u20ac 125,00 a notte<\/p><p>- Animali domestici: \u25e6 Cani: una tantum \u20ac 100,- (cibo escluso)<\/p><h2><b>Servizi inclusi<\/b><\/h2><ul data-start=\"160\" data-end=\"813\"><li data-start=\"160\" data-end=\"212\">Esclusiva posizione appartata - un'intera casa solo per voi<\/li><li data-start=\"213\" data-end=\"237\"><p data-start=\"215\" data-end=\"237\">Stufa a legna con legna da ardere<\/p><\/li><li data-start=\"238\" data-end=\"286\"><p data-start=\"240\" data-end=\"286\">Vasca da bagno indipendente con vista sulle montagne e sul laghetto<\/p><\/li><li data-start=\"287\" data-end=\"340\"><p data-start=\"289\" data-end=\"340\">Cabina privata Hydrosoft (cabina di vapore con infrarossi)<\/p><\/li><li data-start=\"341\" data-end=\"387\"><p data-start=\"343\" data-end=\"387\">Prodotti cosmetici biologici, accappatoi, pantofole<\/p><\/li><li data-start=\"388\" data-end=\"455\"><p data-start=\"390\" data-end=\"455\">Cucina di alta qualit\u00e0 con attrezzatura di base (spezie, olio, t\u00e8, caff\u00e8)<\/p><\/li><li data-start=\"456\" data-end=\"516\"><p data-start=\"458\" data-end=\"516\">WLAN<\/p><\/li><li data-start=\"517\" data-end=\"566\"><p data-start=\"519\" data-end=\"566\">Saluto di benvenuto\u00a0<\/p><\/li><li data-start=\"567\" data-end=\"605\"><p data-start=\"569\" data-end=\"605\">Cestino giornaliero per la colazione con prodotti biologici<\/p><\/li><li data-start=\"606\" data-end=\"670\"><p data-start=\"608\" data-end=\"670\">Uova fresche di Gertude, Henriette, Herta e Mathilde<\/p><\/li><li data-start=\"671\" data-end=\"732\"><p data-start=\"673\" data-end=\"732\">Prato per prendere il sole vicino al laghetto naturale con pontile, amaca e lettini<\/p><\/li><li data-start=\"671\" data-end=\"732\">Accesso alla taverna del villaggio con Greisslerei e vinoteca<\/li><li data-start=\"733\" data-end=\"761\"><p data-start=\"735\" data-end=\"761\">Parcheggio direttamente presso la fattoria<\/p><\/li><\/ul><h4 data-start=\"815\" data-end=\"839\">Prenotabile su richiesta:<\/h4><ul data-start=\"840\" data-end=\"1048\"><li data-start=\"915\" data-end=\"970\"><p data-start=\"917\" data-end=\"970\">Massaggio privato in casa (su richiesta)<\/p><\/li><li data-start=\"1012\" data-end=\"1048\"><p data-start=\"1014\" data-end=\"1048\">Cestino da barbecue con carne e verdure biologiche<\/p><\/li><li data-start=\"1012\" data-end=\"1048\">Picnic nella Literaturplatz<\/li><li data-start=\"1012\" data-end=\"1048\">Gita con trattore Porsche d'epoca<\/li><\/ul>\t\t\t\t\t\t\t\t<\/div>\n\t\t\t\t<\/div>\n\t\t\t\t\t<\/div>\n\t\t\t\t<\/div>\n\t\t\t\t<\/div>","protected":false},"excerpt":{"rendered":"<p>Drei H\u00e4user. Ein Gef\u00fchl von Exklusivit\u00e4t &#8211; f\u00fcr besondere Momente in den Alpen Jetzt reservieren Exklusivit\u00e4t trifft Natur &amp; Komfort: Ebner 1822 ist kein klassisches Feriendomizil \u2013 sondern ein Ort, an dem Sie als Paar zur Ruhe kommen.Nur drei exklusive Naturh\u00e4user stehen Ihnen zur Wahl \u2013 jedes aus Stroh, Lehm und Holz gebaut, mit viel [&hellip;]<\/p>\n","protected":false},"author":1,"featured_media":0,"parent":0,"menu_order":0,"comment_status":"closed","ping_status":"closed","template":"","meta":{"footnotes":""},"class_list":["post-237","page","type-page","status-publish","hentry"],"_links":{"self":[{"href":"https:\/\/ebner1822.at\/it\/wp-json\/wp\/v2\/pages\/237","targetHints":{"allow":["GET"]}}],"collection":[{"href":"https:\/\/ebner1822.at\/it\/wp-json\/wp\/v2\/pages"}],"about":[{"href":"https:\/\/ebner1822.at\/it\/wp-json\/wp\/v2\/types\/page"}],"author":[{"embeddable":true,"href":"https:\/\/ebner1822.at\/it\/wp-json\/wp\/v2\/users\/1"}],"replies":[{"embeddable":true,"href":"https:\/\/ebner1822.at\/it\/wp-json\/wp\/v2\/comments?post=237"}],"version-history":[{"count":165,"href":"https:\/\/ebner1822.at\/it\/wp-json\/wp\/v2\/pages\/237\/revisions"}],"predecessor-version":[{"id":2017,"href":"https:\/\/ebner1822.at\/it\/wp-json\/wp\/v2\/pages\/237\/revisions\/2017"}],"wp:attachment":[{"href":"https:\/\/ebner1822.at\/it\/wp-json\/wp\/v2\/media?parent=237"}],"curies":[{"name":"wp","href":"https:\/\/api.w.org\/{rel}","templated":true}]}}