{"id":1583,"date":"2025-10-07T08:30:22","date_gmt":"2025-10-07T08:30:22","guid":{"rendered":"https:\/\/ebner1822.at\/?page_id=1583"},"modified":"2025-12-07T10:12:58","modified_gmt":"2025-12-07T10:12:58","slug":"strutture-per-il-tempo-libero","status":"publish","type":"page","link":"https:\/\/ebner1822.at\/it\/freizeitmoglichkeiten\/","title":{"rendered":"Tempo libero"},"content":{"rendered":"<div data-elementor-type=\"wp-page\" data-elementor-id=\"1583\" class=\"elementor elementor-1583\" data-elementor-post-type=\"page\">\n\t\t\t\t<div class=\"elementor-element elementor-element-5cf84ef e-flex e-con-boxed e-con e-parent\" data-id=\"5cf84ef\" data-element_type=\"container\" data-e-type=\"container\">\n\t\t\t\t\t<div class=\"e-con-inner\">\n\t\t\t\t<div class=\"elementor-element elementor-element-3821f63 elementor-widget elementor-widget-html\" data-id=\"3821f63\" data-element_type=\"widget\" data-e-type=\"widget\" data-widget_type=\"html.default\">\n\t\t\t\t<div class=\"elementor-widget-container\">\n\t\t\t\t\t<div class=\"umgebung-section\">\n        <!-- Hero Section -->\n        <div class=\"umgebung-hero\">\n            <h1>Vivere la natura della Carinzia<\/h1>\n            <p>Scoprite la vasta gamma di attivit\u00e0 per il tempo libero nei dintorni di Ebner 1822 in Carinzia. Da pittoreschi campi da golf e stazioni sciistiche innevate a idilliaci percorsi escursionistici e laghi cristallini: qui ce n'\u00e8 per tutti i gusti.<\/p>\n        <\/div>\n\n        <!-- Restaurants Section -->\n        <div class=\"category-section\">\n            <h2 class=\"category-title\">\n                <svg class=\"icon\" viewbox=\"0 0 24 24\">\n                    <path d=\"M8.1 13.34l2.83-2.83L3.91 3.5c-1.56 1.56-1.56 4.09 0 5.66l4.19 4.18zm6.78-1.81c1.53.71 3.68.21 5.27-1.38 1.91-1.91 2.28-4.65.81-6.12-1.46-1.46-4.2-1.1-6.12.81-1.59 1.59-2.09 3.74-1.38 5.27L3.7 19.87l1.41 1.41L12 14.41l6.88 6.88 1.41-1.41L13.41 13l1.47-1.47z\"\/>\n                <\/svg>\n                Ristoranti e cucina\n            <\/h2>\n            <p class=\"category-intro\">Gustate le specialit\u00e0 regionali e la cucina casalinga carinziana in un'atmosfera accogliente.<\/p>\n            \n            <div class=\"attractions-grid\">\n                <div class=\"attraction-card\">\n                    <h3>Landgasthof Seebacher<\/h3>\n                    <p>Ristorante premiato da Toque a soli 300 metri dall'Ebner. Specialit\u00e0 regionali in un'accogliente atmosfera da ristorante. Prodotti di alta qualit\u00e0 provenienti dalla regione.<\/p>\n                    <a href=\"https:\/\/www.seebacher.at\/\" target=\"_blank\" class=\"attraction-link\" rel=\"noopener\">Per saperne di pi\u00f9 \u2192<\/a>\n                <\/div>\n                \n                <div class=\"attraction-card\">\n                    <h3>Locanda Bacher<\/h3>\n                    <p>Cucina tradizionale carinziana e specialit\u00e0 della regione Nockberge in un accogliente ristorante.<\/p>\n                    <a href=\"http:\/\/bachergnesau.com\/\" target=\"_blank\" class=\"attraction-link\" rel=\"noopener\">Per saperne di pi\u00f9 \u2192<\/a>\n                <\/div>\n                \n                <div class=\"attraction-card\">\n                    <h3>Vecchio punto di Arriach<\/h3>\n                    <p>Due ristoranti premiati con la toque e il fulcro culinario della regione nel cuore della Carinzia.<\/p>\n                    <a href=\"https:\/\/www.altepoint.at\/\" target=\"_blank\" class=\"attraction-link\" rel=\"noopener\">Per saperne di pi\u00f9 \u2192<\/a>\n                <\/div>\n                \n                <div class=\"attraction-card\">\n                    <h3>Trattori Einkehr a Bad Kleinkirchheim<\/h3>\n                    <p>Il rifugio rustico si trova proprio nel centro di Bad Kleinkirchheim. La trota e il salmerino dell'Alta Carinzia, la bistecca di vitello austriaco o il dolce Reindling carinziano sono solo alcune delle tante delizie culinarie che vi aspettano alla locanda.<\/p>\n                    <a href=\"https:\/\/www.trattlers-einkehr.at\/\" target=\"_blank\" class=\"attraction-link\" rel=\"noopener\">Per saperne di pi\u00f9 \u2192<\/a>\n                <\/div>\n            <\/div>\n        <\/div>\n\n        <!-- Golf Section -->\n        <div class=\"category-section\">\n            <h2 class=\"category-title\">\n                <svg class=\"icon\" viewbox=\"0 0 24 24\">\n                    <path d=\"M12 2C6.48 2 2 6.48 2 12s4.48 10 10 10 10-4.48 10-10S17.52 2 12 2zm-2 15l-5-5 1.41-1.41L10 14.17l7.59-7.59L19 8l-9 9z\"\/>\n                <\/svg>\n                Campi da golf nelle vicinanze\n            <\/h2>\n            <p class=\"category-intro\">Provate il golf in mezzo al paesaggio mozzafiato della Carinzia su campi da golf di prima classe.<\/p>\n            \n            <div class=\"attractions-grid\">\n                <div class=\"attraction-card\">\n                    <h3>Golf Club Velden W\u00f6rthersee<\/h3>\n                    <p>Un meraviglioso campo a 18 buche con vista sul lago W\u00f6rthersee. Il golf impegnativo incontra un paesaggio unico.<\/p>\n                    <a href=\"https:\/\/www.golfvelden.at\/\" target=\"_blank\" class=\"attraction-link\" rel=\"noopener\">Per saperne di pi\u00f9 \u2192<\/a>\n                <\/div>\n                \n                <div class=\"attraction-card\">\n                    <h3>Golf Club Carinzia Dellach<\/h3>\n                    <p>Uno dei migliori club d'Europa da oltre 90 anni. La tradizione incontra gli standard moderni sul lago W\u00f6rthersee.<\/p>\n                    <a href=\"https:\/\/kgcdellach.at\/\" target=\"_blank\" class=\"attraction-link\" rel=\"noopener\">Per saperne di pi\u00f9 \u2192<\/a>\n                <\/div>\n                \n                <div class=\"attraction-card\">\n                    <h3>Golf Club Moosburg-P\u00f6rtschach<\/h3>\n                    <p>Campi da golf a 18 e 9 buche in un paesaggio da parco, a pochi passi dal lago W\u00f6rthersee.<\/p>\n                    <a href=\"https:\/\/www.golfclubmoosburg.at\/\" target=\"_blank\" class=\"attraction-link\" rel=\"noopener\">Per saperne di pi\u00f9 \u2192<\/a>\n                <\/div>\n                \n                <div class=\"attraction-card\">\n                    <h3>Campo da golf Bad Kleinkirchheim<\/h3>\n                    <p>Giocare a golf tra le montagne dei Nockberge, con paesaggi mozzafiato e fairway perfettamente curati.<\/p>\n                    <a href=\"https:\/\/www.seeundberg.at\/golf\/bad-kleinkirchheim\/\" target=\"_blank\" class=\"attraction-link\" rel=\"noopener\">Per saperne di pi\u00f9 \u2192<\/a>\n                <\/div>\n            <\/div>\n        <\/div>\n\n        <!-- Ski Section -->\n        <div class=\"category-section\">\n            <h2 class=\"category-title\">\n                <svg class=\"icon\" viewbox=\"0 0 24 24\">\n                    <path d=\"M13 5.83l1.88 1.88-1.6 1.6 1.41 1.41 3.02-3.02L12 2h-1v5.03l2 2v-3.2zM5.41 4L4 5.41 10.59 12 5 17.59 6.41 19 11 14.41V22h1l5.71-5.71-2.3-2.3L13 16.41V14.59L18.59 20 20 18.59 5.41 4z\"\/>\n                <\/svg>\n                Stazioni sciistiche per gli amanti degli sport invernali\n            <\/h2>\n            <p class=\"category-intro\">Stazioni sciistiche con neve garantita e piste perfettamente preparate per esperienze indimenticabili di sport invernali.<\/p>\n            \n            <div class=\"attractions-grid\">\n                <div class=\"attraction-card\">\n                    <h3>Bad Kleinkirchheim<\/h3>\n                    <p>103 km di piste e 24 impianti di risalita. Divertimento sugli sci unito al piacere delle terme in uno dei pi\u00f9 grandi comprensori sciistici della Carinzia.<\/p>\n                    <a href=\"https:\/\/www.badkleinkirchheim.com\/\" target=\"_blank\" class=\"attraction-link\" rel=\"noopener\">Per saperne di pi\u00f9 \u2192<\/a>\n                <\/div>\n                \n                <div class=\"attraction-card\">\n                    <h3>Turracher H\u00f6he<\/h3>\n                    <p>Neve garantita e adatta alle famiglie a 1.763 metri di altitudine. Sciare tra laghi di montagna cristallini.<\/p>\n                    <a href=\"https:\/\/www.turracherhoehe.at\/\" target=\"_blank\" class=\"attraction-link\" rel=\"noopener\">Per saperne di pi\u00f9 \u2192<\/a>\n                <\/div>\n                \n                <div class=\"attraction-card\">\n                    <h3>Gerlitzen Alpe<\/h3>\n                    <p>Vista panoramica su tutta la Carinzia a 1.911 metri di altitudine. 34 piste varie per ogni livello di abilit\u00e0.<\/p>\n                    <a href=\"https:\/\/www.gerlitzen.com\/\" target=\"_blank\" class=\"attraction-link\" rel=\"noopener\">Per saperne di pi\u00f9 \u2192<\/a>\n                <\/div>\n                \n                <div class=\"attraction-card\">\n                    <h3>Heidi Alm Falkert<\/h3>\n                    <p>Un piccolo e raffinato comprensorio sciistico, ideale per le famiglie con bambini e per gli intenditori.<\/p>\n                    <a href=\"https:\/\/www.heidialm.at\/home\/de\/skiurlaub\/\" target=\"_blank\" class=\"attraction-link\" rel=\"noopener\">Per saperne di pi\u00f9 \u2192<\/a>\n                <\/div>\n            <\/div>\n        <\/div>\n\n        <!-- Hiking Section -->\n        <div class=\"category-section\">\n            <h2 class=\"category-title\">\n                <svg class=\"icon\" viewbox=\"0 0 24 24\">\n                    <path d=\"M13.5 5.5c1.1 0 2-.9 2-2s-.9-2-2-2-2 .9-2 2 .9 2 2 2zM9.8 8.9L7 23h2.1l1.8-8 2.1 2v6h2v-7.5l-2.1-2 .6-3C14.8 12 16.8 13 19 13v-2c-1.9 0-3.5-1-4.3-2.4l-1-1.6c-.4-.6-1-1-1.7-1-.3 0-.5.1-.8.1L9 8.1V13h2V9.9l-.2-1z\"\/>\n                <\/svg>\n                Itinerari escursionistici per gli amanti della natura\n            <\/h2>\n            <p class=\"category-intro\">Scoprite la bellezza delle montagne dei Nockberge su percorsi escursionistici selezionati per ogni livello di difficolt\u00e0.<\/p>\n            \n            <div class=\"attractions-grid\">\n                <div class=\"attraction-card\">\n                    <h3>Gnesau rotondo<\/h3>\n                    <p>Facile escursione direttamente da Ebner 1822. Splendido percorso circolare che attraversa l'intero territorio comunale.<\/p>\n                    <a href=\"https:\/\/www.alltrails.com\/trail\/austria\/carinthia\/gnesau-runde\" target=\"_blank\" class=\"attraction-link\" rel=\"noopener\">Per saperne di pi\u00f9 \u2192<\/a>\n                <\/div>\n                \n                <div class=\"attraction-card\">\n                    <h3>Sentiero fluviale Tiebelquellen<\/h3>\n                    <p>Splendida escursione allo spettacolo naturale delle sorgenti del Tiebel. Sentieri facilmente accessibili.<\/p>\n                    <a href=\"https:\/\/www.bergfex.at\/sommer\/kaernten\/touren\/wanderung\/234485,naturschauspiel-tiebelquellen--himmelberg\/\" target=\"_blank\" class=\"attraction-link\" rel=\"noopener\">Per saperne di pi\u00f9 \u2192<\/a>\n                <\/div>\n                \n                <div class=\"attraction-card\">\n                    <h3>Mirnock<\/h3>\n                    <p>Un tour impegnativo con viste magnifiche. Percorso panoramico Kneipp con il profumo dei prati alpini in fiore.<\/p>\n                    <a href=\"https:\/\/www.seeundberg.at\/wandern\/slow-trails\/#c332131\" target=\"_blank\" class=\"attraction-link\" rel=\"noopener\">Per saperne di pi\u00f9 \u2192<\/a>\n                <\/div>\n                \n                <div class=\"attraction-card\">\n                    <h3>Sentieri lenti Carinzia<\/h3>\n                    <p>Esperienze di escursionismo decelerato nelle montagne dei Nockberge. Escursioni piacevoli con panorami speciali.<\/p>\n                    <a href=\"https:\/\/www.seeundberg.at\/wandern\/#c333527\" target=\"_blank\" rel=\"noopener\">Per saperne di pi\u00f9 \u2192<\/a>\n                <\/div>\n            <\/div>\n        <\/div>\n\n        <!-- Lakes Section -->\n        <div class=\"category-section\">\n            <h2 class=\"category-title\">\n                <svg class=\"icon\" viewbox=\"0 0 24 24\">\n                    <path d=\"M12 2l3.09 6.26L22 9.27l-5 4.87 1.18 6.88L12 17.77l-6.18 3.25L7 14.14 2 9.27l6.91-1.01L12 2z\"\/>\n                <\/svg>\n                Laghi per rilassarsi e nuotare\n            <\/h2>\n            <p class=\"category-intro\">I cristallini laghi di montagna e i caldi laghi balneabili invitano a nuotare, navigare e rilassarsi.<\/p>\n            \n            <div class=\"attractions-grid\">\n                <div class=\"attraction-card\">\n                    <h3>Lago di Ossiach<\/h3>\n                    <p>Ideale per nuotare, navigare e fare surf. Il terzo lago pi\u00f9 grande della Carinzia con meravigliosi punti di balneazione.<\/p>\n                    <a href=\"https:\/\/ossiachersee.net\/\" target=\"_blank\" class=\"attraction-link\" rel=\"noopener\">Per saperne di pi\u00f9 \u2192<\/a>\n                <\/div>\n                \n                <div class=\"attraction-card\">\n                    <h3>Lago Turrach<\/h3>\n                    <p>Un lago di alta montagna a 1.763 metri con una flora e una fauna uniche. Acqua cristallina in mezzo alle montagne.<\/p>\n                    <a href=\"https:\/\/www.turracherhoehe.at\/\" target=\"_blank\" class=\"attraction-link\" rel=\"noopener\">Per saperne di pi\u00f9 \u2192<\/a>\n                <\/div>\n                \n                <div class=\"attraction-card\">\n                    <h3>Lago W\u00f6rthersee<\/h3>\n                    <p>Il lago pi\u00f9 famoso della Carinzia con un tocco sofisticato. Acque calde e spiagge esclusive.<\/p>\n                    <a href=\"https:\/\/www.woerthersee.com\/\" target=\"_blank\" class=\"attraction-link\" rel=\"noopener\">Per saperne di pi\u00f9 \u2192<\/a>\n                <\/div>\n                \n                <div class=\"attraction-card\">\n                    <h3>Lago Millst\u00e4tter See<\/h3>\n                    <p>Il secondo lago pi\u00f9 grande della Carinzia, noto per la qualit\u00e0 dell'acqua potabile e per i suoi dintorni pittoreschi.<\/p>\n                    <a href=\"https:\/\/www.lakeandmountain.at\/\" target=\"_blank\" class=\"attraction-link\" rel=\"noopener\">Per saperne di pi\u00f9 \u2192<\/a>\n                <\/div>\n            <\/div>\n        <\/div>\n\n        <!-- Sights Section -->\n        <div class=\"category-section\">\n            <h2 class=\"category-title\">\n                <svg class=\"icon\" viewbox=\"0 0 24 24\">\n                    <path d=\"M12 2l3.09 6.26L22 9.27l-5 4.87 1.18 6.88L12 17.77l-6.18 3.25L7 14.14 2 9.27l6.91-1.01L12 2z\"\/>\n                <\/svg>\n                Luoghi di interesse e mete di escursioni\n            <\/h2>\n            <p class=\"category-intro\">Scoprite le attrazioni culturali e le esperienze naturalistiche uniche della regione.<\/p>\n            \n            <div class=\"attractions-grid\">\n                <div class=\"attraction-card\">\n                    <h3>Vertice di Gerlitzen<\/h3>\n                    <p>Accessibile con la funivia, offre una vista panoramica a 360 gradi sulla Carinzia. Panorami indimenticabili.<\/p>\n                    <a href=\"https:\/\/www.gerlitzen.com\/\" target=\"_blank\" class=\"attraction-link\" rel=\"noopener\">Per saperne di pi\u00f9 \u2192<\/a>\n                <\/div>\n                \n                <div class=\"attraction-card\">\n                    <h3>Affenberg Landskron<\/h3>\n                    <p>Un'esperienza unica con 180 macachi giapponesi liberi in un recinto all'aperto di 4,5 ettari.<\/p>\n                    <a href=\"https:\/\/www.affenberg.com\/\" target=\"_blank\" class=\"attraction-link\" rel=\"noopener\">Per saperne di pi\u00f9 \u2192<\/a>\n                <\/div>\n                \n                <div class=\"attraction-card\">\n                    <h3>Castello di Hochosterwitz<\/h3>\n                    <p>Uno dei pi\u00f9 imponenti complessi castellani dell'Austria. Fortezza medievale su una roccia dolomitica alta 172 metri.<\/p>\n                    <a href=\"https:\/\/www.burg-hochosterwitz.com\/\" target=\"_blank\" class=\"attraction-link\" rel=\"noopener\">Per saperne di pi\u00f9 \u2192<\/a>\n                <\/div>\n                \n                <div class=\"attraction-card\">\n                    <h3>Minimondo Klagenfurt<\/h3>\n                    <p>Il piccolo mondo sul lago W\u00f6rthersee con modelli in scala 1:25 di edifici famosi di tutto il mondo.<\/p>\n                    <a href=\"https:\/\/www.minimundus.at\/\" target=\"_blank\" class=\"attraction-link\" rel=\"noopener\">Per saperne di pi\u00f9 \u2192<\/a>\n                <\/div>\n            <\/div>\n        <\/div>\n    <\/div>\n\t\t\t\t<\/div>\n\t\t\t\t<\/div>\n\t\t\t\t\t<\/div>\n\t\t\t\t<\/div>\n\t\t\t\t<\/div>","protected":false},"excerpt":{"rendered":"<p>Die K\u00e4rntner Natur erleben Entdecken Sie die vielf\u00e4ltigen Freizeitm\u00f6glichkeiten rund um Ebner 1822 in K\u00e4rnten. Von malerischen Golfpl\u00e4tzen \u00fcber schneesichere Skigebiete bis hin zu idyllischen Wanderrouten und kristallklaren Seen \u2013 hier ist f\u00fcr jeden etwas dabei. Restaurants und Kulinarik Genie\u00dfen Sie regionale Spezialit\u00e4ten und K\u00e4rntner Hausmannskost in gem\u00fctlicher Atmosph\u00e4re. Landgasthof Seebacher Haubenrestaurant nur 300m vom [&hellip;]<\/p>\n","protected":false},"author":2,"featured_media":0,"parent":0,"menu_order":0,"comment_status":"closed","ping_status":"closed","template":"","meta":{"footnotes":""},"class_list":["post-1583","page","type-page","status-publish","hentry"],"_links":{"self":[{"href":"https:\/\/ebner1822.at\/it\/wp-json\/wp\/v2\/pages\/1583","targetHints":{"allow":["GET"]}}],"collection":[{"href":"https:\/\/ebner1822.at\/it\/wp-json\/wp\/v2\/pages"}],"about":[{"href":"https:\/\/ebner1822.at\/it\/wp-json\/wp\/v2\/types\/page"}],"author":[{"embeddable":true,"href":"https:\/\/ebner1822.at\/it\/wp-json\/wp\/v2\/users\/2"}],"replies":[{"embeddable":true,"href":"https:\/\/ebner1822.at\/it\/wp-json\/wp\/v2\/comments?post=1583"}],"version-history":[{"count":41,"href":"https:\/\/ebner1822.at\/it\/wp-json\/wp\/v2\/pages\/1583\/revisions"}],"predecessor-version":[{"id":1681,"href":"https:\/\/ebner1822.at\/it\/wp-json\/wp\/v2\/pages\/1583\/revisions\/1681"}],"wp:attachment":[{"href":"https:\/\/ebner1822.at\/it\/wp-json\/wp\/v2\/media?parent=1583"}],"curies":[{"name":"wp","href":"https:\/\/api.w.org\/{rel}","templated":true}]}}