{"id":844,"date":"2025-04-05T06:04:45","date_gmt":"2025-04-05T06:04:45","guid":{"rendered":"https:\/\/ebner1822.at\/?page_id=844"},"modified":"2025-04-06T06:11:52","modified_gmt":"2025-04-06T06:11:52","slug":"data-protection","status":"publish","type":"page","link":"https:\/\/ebner1822.at\/en\/datenschutz\/","title":{"rendered":"Data protection"},"content":{"rendered":"<div data-elementor-type=\"wp-page\" data-elementor-id=\"844\" class=\"elementor elementor-844\" data-elementor-post-type=\"page\">\n\t\t\t\t<div class=\"elementor-element elementor-element-8396d87 e-flex e-con-boxed e-con e-parent\" data-id=\"8396d87\" data-element_type=\"container\" data-e-type=\"container\">\n\t\t\t\t\t<div class=\"e-con-inner\">\n\t\t\t\t<div class=\"elementor-element elementor-element-a07e121 elementor-widget elementor-widget-text-editor\" data-id=\"a07e121\" data-element_type=\"widget\" data-e-type=\"widget\" data-widget_type=\"text-editor.default\">\n\t\t\t\t<div class=\"elementor-widget-container\">\n\t\t\t\t\t\t\t\t\t<h1 class=\"p1\"><b>Data protection<\/b><\/h1><p class=\"p1\"><b>1. introduction and overview<\/b><b><\/b><\/p><p class=\"p3\">The protection of your personal data is of particular concern to us. We therefore process your data exclusively on the basis of the statutory provisions (GDPR, TKG 2003). In this privacy policy, we inform you about the most important aspects of data processing on our website.<\/p><p class=\"p1\"><b>2. responsible body<\/b><b><\/b><\/p><p class=\"p4\"><b>MARIO &amp; BARBARA SONNLEITNER<\/b><b><\/b><\/p><p class=\"p3\">Gurk 21<br \/>9563 Gnesau, Carinthia<br \/>Austria<\/p><p class=\"p3\">Tel: +43 676 540 1016<br \/>E-Mail: <a href=\"mailto:urlaub@ebner1822.at\">urlaub@ebner1822.at<\/a><\/p><p class=\"p1\"><b>3. hosting &amp; CMS<\/b><b><\/b><\/p><p class=\"p3\">Our website is based on <span class=\"s1\"><b>WordPress<\/b><\/span>. The data processing takes place on servers of an Austrian hosting provider - <a href=\"https:\/\/haraldpalma.com\" target=\"_blank\" rel=\"noopener\">haraldpalma.com<\/a> and <a href=\"https:\/\/www.digimagical.com\/\" target=\"_blank\" rel=\"noopener\">Digimagical . <\/a><br \/>WordPress stores technically necessary data, such as IP addresses, in order to operate the website securely and functionally.<\/p><p class=\"p1\"><b>4. website creation with Elementor &amp; Elementor Pro<\/b><b><\/b><\/p><p class=\"p3\">Our website uses <span class=\"s1\"><b>Elementor<\/b><\/span> for visual design. Data may be processed temporarily, especially when using forms. No personal data is stored or passed on without your active input.<\/p><p class=\"p1\"><b>5th SEO plugin Rank Math<\/b><b><\/b><\/p><p class=\"p3\">For search engine optimisation we use <span class=\"s1\"><b>Rank Math<\/b><\/span>a local SEO tool that does not store or process any personal data of visitors.<\/p><p class=\"p1\"><b>6. making contact<\/b><b><\/b><\/p><p class=\"p3\">If you contact us via a form or by e-mail, your details will be stored by us for six months to process your enquiry and for possible follow-up questions. Your data will not be passed on without your consent.<\/p><p class=\"p1\"><b>7 Embedded content &amp; external services<\/b><b><\/b><\/p><p class=\"p5\"><b>YouTube<\/b><b><\/b><\/p><p class=\"p3\">Videos from YouTube are embedded on our website. The provider is Google Ireland Ltd. A connection to YouTube servers may be established when the videos are loaded. Google's data protection guidelines apply.<\/p><p class=\"p5\"><b>3D tour (e.g. Matterport)<\/b><b><\/b><\/p><p class=\"p3\">We offer a virtual tour embedded via an external provider. When loading this content, your IP address may be transmitted to the service provider. Their data protection provisions apply.<\/p><p class=\"p5\"><b>Links to Facebook &amp; Instagram<\/b><b><\/b><\/p><p class=\"p3\">Our website contains links to our social media profiles on <span class=\"s1\"><b>Facebook<\/b><\/span> and <span class=\"s1\"><b>Instagram<\/b><\/span>. When you click on these links, you leave our website. The respective data protection provisions of the platforms apply.<\/p><p class=\"p5\"><b>Google Analytics<\/b><b><\/b><\/p><p class=\"p3\">This website uses <span class=\"s1\"><b>Google Analytics<\/b><\/span>Google Analytics uses cookies to collect and analyse information about the use of the website. The IP address is anonymised (IP anonymisation).<\/p><p class=\"p3\">You can prevent the collection of your data by Google Analytics by <a href=\"https:\/\/tools.google.com\/dlpage\/gaoptout?hl=de\" target=\"_blank\" rel=\"noopener\">this browser add-on<\/a> install.<\/p><p class=\"p1\"><b>8. cookies<\/b><b><\/b><\/p><p class=\"p3\">Our website uses cookies to provide basic functions. On your first visit, you can decide for yourself which cookies you accept. Details can be found in our cookie policy.<\/p><p class=\"p1\"><b>9. your rights<\/b><b><\/b><\/p><p class=\"p3\">You have the right to:<\/p><p class=\"p6\">-Information<\/p><p class=\"p6\">-Correction<\/p><p class=\"p6\">-Deletion<\/p><p class=\"p6\">-Restriction of processing<\/p><p class=\"p6\">-Data portability<\/p><p class=\"p6\">-Revocation of consents granted<\/p><p class=\"p6\">-Objection to data processing<\/p><p class=\"p3\">If you have any concerns, please contact <span class=\"s1\"><b>urlaub@ebner1822.at<\/b><\/span> or the competent supervisory authority in Austria.<\/p><p class=\"p1\"><b>10. changes<\/b><b><\/b><\/p><p class=\"p3\">This privacy policy may be updated if necessary. The current version is published on our website.<\/p>\t\t\t\t\t\t\t\t<\/div>\n\t\t\t\t<\/div>\n\t\t\t\t\t<\/div>\n\t\t\t\t<\/div>\n\t\t\t\t<\/div>","protected":false},"excerpt":{"rendered":"<p>Datenschutz 1. Einleitung und \u00dcberblick Der Schutz Ihrer pers\u00f6nlichen Daten ist uns ein besonderes Anliegen. Wir verarbeiten Ihre Daten daher ausschlie\u00dflich auf Grundlage der gesetzlichen Bestimmungen (DSGVO, TKG 2003). In dieser Datenschutzerkl\u00e4rung informieren wir Sie \u00fcber die wichtigsten Aspekte der Datenverarbeitung im Rahmen unserer Website. 2. Verantwortliche Stelle MARIO &amp; BARBARA SONNLEITNER Gurk 219563 Gnesau, [&hellip;]<\/p>\n","protected":false},"author":1,"featured_media":0,"parent":0,"menu_order":0,"comment_status":"closed","ping_status":"closed","template":"","meta":{"footnotes":""},"class_list":["post-844","page","type-page","status-publish","hentry"],"_links":{"self":[{"href":"https:\/\/ebner1822.at\/en\/wp-json\/wp\/v2\/pages\/844","targetHints":{"allow":["GET"]}}],"collection":[{"href":"https:\/\/ebner1822.at\/en\/wp-json\/wp\/v2\/pages"}],"about":[{"href":"https:\/\/ebner1822.at\/en\/wp-json\/wp\/v2\/types\/page"}],"author":[{"embeddable":true,"href":"https:\/\/ebner1822.at\/en\/wp-json\/wp\/v2\/users\/1"}],"replies":[{"embeddable":true,"href":"https:\/\/ebner1822.at\/en\/wp-json\/wp\/v2\/comments?post=844"}],"version-history":[{"count":10,"href":"https:\/\/ebner1822.at\/en\/wp-json\/wp\/v2\/pages\/844\/revisions"}],"predecessor-version":[{"id":882,"href":"https:\/\/ebner1822.at\/en\/wp-json\/wp\/v2\/pages\/844\/revisions\/882"}],"wp:attachment":[{"href":"https:\/\/ebner1822.at\/en\/wp-json\/wp\/v2\/media?parent=844"}],"curies":[{"name":"wp","href":"https:\/\/api.w.org\/{rel}","templated":true}]}}