{"id":237,"date":"2024-11-19T16:42:53","date_gmt":"2024-11-19T16:42:53","guid":{"rendered":"https:\/\/ebner1822.at\/?page_id=237"},"modified":"2026-03-11T18:32:14","modified_gmt":"2026-03-11T18:32:14","slug":"rental-prices-exclusive-straw-bale-houses-ebner-1822","status":"publish","type":"page","link":"https:\/\/ebner1822.at\/en\/mietpreise-exklusive-strohballenhaeuser-ebner-1822\/","title":{"rendered":"Prices"},"content":{"rendered":"<div data-elementor-type=\"wp-page\" data-elementor-id=\"237\" class=\"elementor elementor-237\" data-elementor-post-type=\"page\">\n\t\t\t\t<div class=\"elementor-element elementor-element-43429a76 e-flex e-con-boxed e-con e-parent\" data-id=\"43429a76\" data-element_type=\"container\" data-e-type=\"container\">\n\t\t\t\t\t<div class=\"e-con-inner\">\n\t\t<div class=\"elementor-element elementor-element-545cf710 e-con-full e-flex e-con e-child\" data-id=\"545cf710\" data-element_type=\"container\" data-e-type=\"container\" data-settings=\"{&quot;background_background&quot;:&quot;classic&quot;}\">\n\t\t<div class=\"elementor-element elementor-element-4e7f8cf9 e-con-full e-flex e-con e-child\" data-id=\"4e7f8cf9\" data-element_type=\"container\" data-e-type=\"container\" data-settings=\"{&quot;background_background&quot;:&quot;classic&quot;}\">\n\t\t\t\t<div class=\"elementor-element elementor-element-5e09e139 elementor-widget elementor-widget-heading\" data-id=\"5e09e139\" data-element_type=\"widget\" data-e-type=\"widget\" data-widget_type=\"heading.default\">\n\t\t\t\t<div class=\"elementor-widget-container\">\n\t\t\t\t\t<h2 class=\"elementor-heading-title elementor-size-default\">Three houses. A feeling of exclusivity - for special moments in the Alps<\/h2>\t\t\t\t<\/div>\n\t\t\t\t<\/div>\n\t\t\t\t<div class=\"elementor-element elementor-element-51b21978 elementor-widget elementor-widget-button\" data-id=\"51b21978\" data-element_type=\"widget\" data-e-type=\"widget\" data-widget_type=\"button.default\">\n\t\t\t\t<div class=\"elementor-widget-container\">\n\t\t\t\t\t\t\t\t\t<div class=\"elementor-button-wrapper\">\n\t\t\t\t\t<a class=\"elementor-button elementor-button-link elementor-size-sm\" href=\"https:\/\/ebner1822.at\/en\/direct-booking\/\">\n\t\t\t\t\t\t<span class=\"elementor-button-content-wrapper\">\n\t\t\t\t\t\t\t\t\t<span class=\"elementor-button-text\">Book now<\/span>\n\t\t\t\t\t<\/span>\n\t\t\t\t\t<\/a>\n\t\t\t\t<\/div>\n\t\t\t\t\t\t\t\t<\/div>\n\t\t\t\t<\/div>\n\t\t\t\t<div class=\"elementor-element elementor-element-189adb6e elementor-widget elementor-widget-text-editor\" data-id=\"189adb6e\" data-element_type=\"widget\" data-e-type=\"widget\" data-widget_type=\"text-editor.default\">\n\t\t\t\t<div class=\"elementor-widget-container\">\n\t\t\t\t\t\t\t\t\t<h2 data-start=\"746\" data-end=\"792\"><strong data-start=\"750\" data-end=\"790\">Exclusivity meets nature &amp; comfort:<\/strong><\/h2><p data-start=\"163\" data-end=\"439\"><strong data-start=\"163\" data-end=\"177\">Ebner 1822<\/strong> is not a classic holiday home - but a place where you can relax as a couple.<br data-start=\"268\" data-end=\"271\" \/>Only <strong data-start=\"275\" data-end=\"305\">Three exclusive natural houses<\/strong> are available for you to choose from - each built from straw, clay and wood, with great attention to detail and a fine sense for the essentials.<\/p><p data-start=\"441\" data-end=\"684\">Directly at the <strong data-start=\"451\" data-end=\"460\">Pond<\/strong>with an unobstructed view of the <strong data-start=\"487\" data-end=\"501\">Karawanken<\/strong> and the surrounding greenery, enjoy <strong data-start=\"540\" data-end=\"570\">Privacy and vision<\/strong> - and yet the village is not far away. A place to pause, to switch off. And to find yourself again.<\/p>\t\t\t\t\t\t\t\t<\/div>\n\t\t\t\t<\/div>\n\t\t\t\t<\/div>\n\t\t\t\t<\/div>\n\t\t<div class=\"elementor-element elementor-element-71be6a8f e-con-full e-flex e-con e-child\" data-id=\"71be6a8f\" data-element_type=\"container\" data-e-type=\"container\">\n\t\t\t\t<div class=\"elementor-element elementor-element-79595c04 elementor-widget elementor-widget-image\" data-id=\"79595c04\" data-element_type=\"widget\" data-e-type=\"widget\" data-widget_type=\"image.default\">\n\t\t\t\t<div class=\"elementor-widget-container\">\n\t\t\t\t\t\t\t\t\t\t\t\t\t\t\t<img fetchpriority=\"high\" decoding=\"async\" width=\"800\" height=\"534\" src=\"https:\/\/ebner1822.at\/wp-content\/uploads\/2026\/03\/23-Ebner-1822-23-1024x683.jpg\" class=\"attachment-large size-large wp-image-1853\" alt=\"Ebner 1822 - Cosy bedroom with a view of nature and bathtub in the attic.\" srcset=\"https:\/\/ebner1822.at\/wp-content\/uploads\/2026\/03\/23-Ebner-1822-23-1024x683.jpg 1024w, https:\/\/ebner1822.at\/wp-content\/uploads\/2026\/03\/23-Ebner-1822-23-300x200.jpg 300w, https:\/\/ebner1822.at\/wp-content\/uploads\/2026\/03\/23-Ebner-1822-23-768x512.jpg 768w, https:\/\/ebner1822.at\/wp-content\/uploads\/2026\/03\/23-Ebner-1822-23-1536x1024.jpg 1536w, https:\/\/ebner1822.at\/wp-content\/uploads\/2026\/03\/23-Ebner-1822-23-18x12.jpg 18w, https:\/\/ebner1822.at\/wp-content\/uploads\/2026\/03\/23-Ebner-1822-23.jpg 1800w\" sizes=\"(max-width: 800px) 100vw, 800px\" \/>\t\t\t\t\t\t\t\t\t\t\t\t\t\t\t<\/div>\n\t\t\t\t<\/div>\n\t\t\t\t<\/div>\n\t\t\t\t\t<\/div>\n\t\t\t\t<\/div>\n\t\t<div class=\"elementor-element elementor-element-2062312 e-flex e-con-boxed e-con e-parent\" data-id=\"2062312\" data-element_type=\"container\" data-e-type=\"container\">\n\t\t\t\t\t<div class=\"e-con-inner\">\n\t\t\t\t<div class=\"elementor-element elementor-element-17f6585 elementor-widget elementor-widget-heading\" data-id=\"17f6585\" data-element_type=\"widget\" data-e-type=\"widget\" data-widget_type=\"heading.default\">\n\t\t\t\t<div class=\"elementor-widget-container\">\n\t\t\t\t\t<h1 class=\"elementor-heading-title elementor-size-default\">Price list and season times<\/h1>\t\t\t\t<\/div>\n\t\t\t\t<\/div>\n\t\t\t\t\t<\/div>\n\t\t\t\t<\/div>\n\t\t<div class=\"elementor-element elementor-element-52de20a e-flex e-con-boxed e-con e-parent\" data-id=\"52de20a\" data-element_type=\"container\" data-e-type=\"container\">\n\t\t\t\t\t<div class=\"e-con-inner\">\n\t\t<div class=\"elementor-element elementor-element-30e82f6 e-con-full e-flex e-con e-child\" data-id=\"30e82f6\" data-element_type=\"container\" data-e-type=\"container\" data-settings=\"{&quot;background_background&quot;:&quot;classic&quot;}\">\n\t\t\t\t<div class=\"elementor-element elementor-element-b14218f elementor-view-default elementor-position-block-start elementor-mobile-position-block-start elementor-widget elementor-widget-icon-box\" data-id=\"b14218f\" data-element_type=\"widget\" data-e-type=\"widget\" data-widget_type=\"icon-box.default\">\n\t\t\t\t<div class=\"elementor-widget-container\">\n\t\t\t\t\t\t\t<div class=\"elementor-icon-box-wrapper\">\n\n\t\t\t\t\t\t<div class=\"elementor-icon-box-icon\">\n\t\t\t\t<span  class=\"elementor-icon\">\n\t\t\t\t<svg aria-hidden=\"true\" class=\"e-font-icon-svg e-fas-bed\" viewbox=\"0 0 640 512\" xmlns=\"http:\/\/www.w3.org\/2000\/svg\"><path d=\"M176 256c44.11 0 80-35.89 80-80s-35.89-80-80-80-80 35.89-80 80 35.89 80 80 80zm352-128H304c-8.84 0-16 7.16-16 16v144H64V80c0-8.84-7.16-16-16-16H16C7.16 64 0 71.16 0 80v352c0 8.84 7.16 16 16 16h32c8.84 0 16-7.16 16-16v-48h512v48c0 8.84 7.16 16 16 16h32c8.84 0 16-7.16 16-16V240c0-61.86-50.14-112-112-112z\"><\/path><\/svg>\t\t\t\t<\/span>\n\t\t\t<\/div>\n\t\t\t\n\t\t\t\t\t\t<div class=\"elementor-icon-box-content\">\n\n\t\t\t\t\t\t\t\t\t<h3 class=\"elementor-icon-box-title\">\n\t\t\t\t\t\t<span  >\n\t\t\t\t\t\t\tOff-season 2026\t\t\t\t\t\t<\/span>\n\t\t\t\t\t<\/h3>\n\t\t\t\t\n\t\t\t\t\t\t\t\t\t<p class=\"elementor-icon-box-description\">\n\t\t\t\t\t\t07.04.2026 - 04.07.2026:<\/br> \u20ac 184,00 per person &amp; night<\/br><\/br>\n06.09.2026 - 20.12.2026:<\/br> \u20ac 184,00 per person &amp; night<\/br><\/br>\n\n\n\t\t\t\t\t<\/p>\n\t\t\t\t\n\t\t\t<\/div>\n\t\t\t\n\t\t<\/div>\n\t\t\t\t\t\t<\/div>\n\t\t\t\t<\/div>\n\t\t\t\t<\/div>\n\t\t<div class=\"elementor-element elementor-element-c5aa3f5 e-con-full e-flex e-con e-child\" data-id=\"c5aa3f5\" data-element_type=\"container\" data-e-type=\"container\" data-settings=\"{&quot;background_background&quot;:&quot;classic&quot;}\">\n\t\t\t\t<div class=\"elementor-element elementor-element-e08f58e elementor-view-default elementor-position-block-start elementor-mobile-position-block-start elementor-widget elementor-widget-icon-box\" data-id=\"e08f58e\" data-element_type=\"widget\" data-e-type=\"widget\" data-widget_type=\"icon-box.default\">\n\t\t\t\t<div class=\"elementor-widget-container\">\n\t\t\t\t\t\t\t<div class=\"elementor-icon-box-wrapper\">\n\n\t\t\t\t\t\t<div class=\"elementor-icon-box-icon\">\n\t\t\t\t<span  class=\"elementor-icon\">\n\t\t\t\t<svg aria-hidden=\"true\" class=\"e-font-icon-svg e-fas-bed\" viewbox=\"0 0 640 512\" xmlns=\"http:\/\/www.w3.org\/2000\/svg\"><path d=\"M176 256c44.11 0 80-35.89 80-80s-35.89-80-80-80-80 35.89-80 80 35.89 80 80 80zm352-128H304c-8.84 0-16 7.16-16 16v144H64V80c0-8.84-7.16-16-16-16H16C7.16 64 0 71.16 0 80v352c0 8.84 7.16 16 16 16h32c8.84 0 16-7.16 16-16v-48h512v48c0 8.84 7.16 16 16 16h32c8.84 0 16-7.16 16-16V240c0-61.86-50.14-112-112-112z\"><\/path><\/svg>\t\t\t\t<\/span>\n\t\t\t<\/div>\n\t\t\t\n\t\t\t\t\t\t<div class=\"elementor-icon-box-content\">\n\n\t\t\t\t\t\t\t\t\t<h3 class=\"elementor-icon-box-title\">\n\t\t\t\t\t\t<span  >\n\t\t\t\t\t\t\tMain season 2026\t\t\t\t\t\t<\/span>\n\t\t\t\t\t<\/h3>\n\t\t\t\t\n\t\t\t\t\t\t\t\t\t<p class=\"elementor-icon-box-description\">\n\t\t\t\t\t\t10.01.2026 - 07.04.2026<br>\u20ac 199,00 per person &amp; night<br><br>\n04.07.2026 - 06.09.2026<br> \u20ac 209,00 per person &amp; night\t\t\t\t\t<\/p>\n\t\t\t\t\n\t\t\t<\/div>\n\t\t\t\n\t\t<\/div>\n\t\t\t\t\t\t<\/div>\n\t\t\t\t<\/div>\n\t\t\t\t<\/div>\n\t\t<div class=\"elementor-element elementor-element-8368b90 e-con-full e-flex e-con e-child\" data-id=\"8368b90\" data-element_type=\"container\" data-e-type=\"container\" data-settings=\"{&quot;background_background&quot;:&quot;classic&quot;}\">\n\t\t\t\t<div class=\"elementor-element elementor-element-224036b elementor-view-default elementor-position-block-start elementor-mobile-position-block-start elementor-widget elementor-widget-icon-box\" data-id=\"224036b\" data-element_type=\"widget\" data-e-type=\"widget\" data-widget_type=\"icon-box.default\">\n\t\t\t\t<div class=\"elementor-widget-container\">\n\t\t\t\t\t\t\t<div class=\"elementor-icon-box-wrapper\">\n\n\t\t\t\t\t\t<div class=\"elementor-icon-box-icon\">\n\t\t\t\t<span  class=\"elementor-icon\">\n\t\t\t\t<svg aria-hidden=\"true\" class=\"e-font-icon-svg e-fas-bed\" viewbox=\"0 0 640 512\" xmlns=\"http:\/\/www.w3.org\/2000\/svg\"><path d=\"M176 256c44.11 0 80-35.89 80-80s-35.89-80-80-80-80 35.89-80 80 35.89 80 80 80zm352-128H304c-8.84 0-16 7.16-16 16v144H64V80c0-8.84-7.16-16-16-16H16C7.16 64 0 71.16 0 80v352c0 8.84 7.16 16 16 16h32c8.84 0 16-7.16 16-16v-48h512v48c0 8.84 7.16 16 16 16h32c8.84 0 16-7.16 16-16V240c0-61.86-50.14-112-112-112z\"><\/path><\/svg>\t\t\t\t<\/span>\n\t\t\t<\/div>\n\t\t\t\n\t\t\t\t\t\t<div class=\"elementor-icon-box-content\">\n\n\t\t\t\t\t\t\t\t\t<h3 class=\"elementor-icon-box-title\">\n\t\t\t\t\t\t<span  >\n\t\t\t\t\t\t\tChristmas<br> (only bookable as a block)\t\t\t\t\t\t<\/span>\n\t\t\t\t\t<\/h3>\n\t\t\t\t\n\t\t\t\t\t\t\t\t\t<p class=\"elementor-icon-box-description\">\n\t\t\t\t\t\t19.12.2026 - 26.12.2026<br> \u20ac 249.50 per person &amp; night<br><br>\n\t\t\t\t\t<\/p>\n\t\t\t\t\n\t\t\t<\/div>\n\t\t\t\n\t\t<\/div>\n\t\t\t\t\t\t<\/div>\n\t\t\t\t<\/div>\n\t\t\t\t<\/div>\n\t\t<div class=\"elementor-element elementor-element-c85f33d e-con-full e-flex e-con e-child\" data-id=\"c85f33d\" data-element_type=\"container\" data-e-type=\"container\" data-settings=\"{&quot;background_background&quot;:&quot;classic&quot;}\">\n\t\t\t\t<div class=\"elementor-element elementor-element-eaf3b51 elementor-view-default elementor-position-block-start elementor-mobile-position-block-start elementor-widget elementor-widget-icon-box\" data-id=\"eaf3b51\" data-element_type=\"widget\" data-e-type=\"widget\" data-widget_type=\"icon-box.default\">\n\t\t\t\t<div class=\"elementor-widget-container\">\n\t\t\t\t\t\t\t<div class=\"elementor-icon-box-wrapper\">\n\n\t\t\t\t\t\t<div class=\"elementor-icon-box-icon\">\n\t\t\t\t<span  class=\"elementor-icon\">\n\t\t\t\t<svg aria-hidden=\"true\" class=\"e-font-icon-svg e-fas-bed\" viewbox=\"0 0 640 512\" xmlns=\"http:\/\/www.w3.org\/2000\/svg\"><path d=\"M176 256c44.11 0 80-35.89 80-80s-35.89-80-80-80-80 35.89-80 80 35.89 80 80 80zm352-128H304c-8.84 0-16 7.16-16 16v144H64V80c0-8.84-7.16-16-16-16H16C7.16 64 0 71.16 0 80v352c0 8.84 7.16 16 16 16h32c8.84 0 16-7.16 16-16v-48h512v48c0 8.84 7.16 16 16 16h32c8.84 0 16-7.16 16-16V240c0-61.86-50.14-112-112-112z\"><\/path><\/svg>\t\t\t\t<\/span>\n\t\t\t<\/div>\n\t\t\t\n\t\t\t\t\t\t<div class=\"elementor-icon-box-content\">\n\n\t\t\t\t\t\t\t\t\t<h3 class=\"elementor-icon-box-title\">\n\t\t\t\t\t\t<span  >\n\t\t\t\t\t\t\tNew Year's Eve<br> (only bookable as a block)\t\t\t\t\t\t<\/span>\n\t\t\t\t\t<\/h3>\n\t\t\t\t\n\t\t\t\t\t\t\t\t\t<p class=\"elementor-icon-box-description\">\n\t\t\t\t\t\t26.12.2026 - 02.01.2027:<br> \u20ac 299.50 per person &amp; night<br><br>\n\t\t\t\t\t<\/p>\n\t\t\t\t\n\t\t\t<\/div>\n\t\t\t\n\t\t<\/div>\n\t\t\t\t\t\t<\/div>\n\t\t\t\t<\/div>\n\t\t\t\t<\/div>\n\t\t\t\t\t<\/div>\n\t\t\t\t<\/div>\n\t\t<div class=\"elementor-element elementor-element-0f6c7f8 e-flex e-con-boxed e-con e-parent\" data-id=\"0f6c7f8\" data-element_type=\"container\" data-e-type=\"container\">\n\t\t\t\t\t<div class=\"e-con-inner\">\n\t\t\t\t<div class=\"elementor-element elementor-element-806770b elementor-widget elementor-widget-text-editor\" data-id=\"806770b\" data-element_type=\"widget\" data-e-type=\"widget\" data-widget_type=\"text-editor.default\">\n\t\t\t\t<div class=\"elementor-widget-container\">\n\t\t\t\t\t\t\t\t\t<h2><b>Additional information:<\/b><\/h2><p><b> <\/b>- Prices are per person &amp; night for an occupancy of 2 persons.<\/p><p>- Minimum stay: 3 nights (except Christmas and New Year's Eve)<\/p><p>- Surcharge for stays of 2 days or less: \u20ac 30.00 per person.<\/p><p>- Discounts for children: \u25e6 Children up to 6 years: free of charge \u25e6 Children from 7 to 14 years: \u20ac 60 per night \u25e6 Persons over 15 to 18 years: \u20ac 90.00 per night \u25e6 Additional persons over 18 years: \u20ac 125.00 per night<\/p><p>- Pets: \u25e6 Dogs: one-off \u20ac 100,- (excl. food)<\/p><h2><b>Included services<\/b><\/h2><ul data-start=\"160\" data-end=\"813\"><li data-start=\"160\" data-end=\"212\">Exclusive secluded location - a whole house just for you<\/li><li data-start=\"213\" data-end=\"237\"><p data-start=\"215\" data-end=\"237\">Wood-burning stove with firewood<\/p><\/li><li data-start=\"238\" data-end=\"286\"><p data-start=\"240\" data-end=\"286\">Freestanding bathtub with views of the mountains &amp; pond<\/p><\/li><li data-start=\"287\" data-end=\"340\"><p data-start=\"289\" data-end=\"340\">Private Hydrosoft cabin (steam cabin with infrared)<\/p><\/li><li data-start=\"341\" data-end=\"387\"><p data-start=\"343\" data-end=\"387\">Organic cosmetic products, bathrobes, slippers<\/p><\/li><li data-start=\"388\" data-end=\"455\"><p data-start=\"390\" data-end=\"455\">High-quality kitchen with basic equipment (spices, oil, tea, coffee)<\/p><\/li><li data-start=\"456\" data-end=\"516\"><p data-start=\"458\" data-end=\"516\">WLAN<\/p><\/li><li data-start=\"517\" data-end=\"566\"><p data-start=\"519\" data-end=\"566\">Welcome greeting\u00a0<\/p><\/li><li data-start=\"567\" data-end=\"605\"><p data-start=\"569\" data-end=\"605\">Daily breakfast basket with organic products<\/p><\/li><li data-start=\"606\" data-end=\"670\"><p data-start=\"608\" data-end=\"670\">Fresh eggs from Gertude, Henriette, Herta and Mathilde<\/p><\/li><li data-start=\"671\" data-end=\"732\"><p data-start=\"673\" data-end=\"732\">Sunbathing lawn by the natural pond with jetty, hammock, sun loungers<\/p><\/li><li data-start=\"671\" data-end=\"732\">Access to the village tavern with Greisslerei &amp; vinotheque<\/li><li data-start=\"733\" data-end=\"761\"><p data-start=\"735\" data-end=\"761\">Car park directly at the farm<\/p><\/li><\/ul><h4 data-start=\"815\" data-end=\"839\">Bookable on request:<\/h4><ul data-start=\"840\" data-end=\"1048\"><li data-start=\"915\" data-end=\"970\"><p data-start=\"917\" data-end=\"970\">Private massage in the house (on request)<\/p><\/li><li data-start=\"1012\" data-end=\"1048\"><p data-start=\"1014\" data-end=\"1048\">Barbecue basket with organic meat &amp; vegetables<\/p><\/li><li data-start=\"1012\" data-end=\"1048\">Picnic at the Literaturplatz<\/li><li data-start=\"1012\" data-end=\"1048\">Outing with vintage Porsche tractor<\/li><\/ul>\t\t\t\t\t\t\t\t<\/div>\n\t\t\t\t<\/div>\n\t\t\t\t\t<\/div>\n\t\t\t\t<\/div>\n\t\t\t\t<\/div>","protected":false},"excerpt":{"rendered":"<p>Drei H\u00e4user. Ein Gef\u00fchl von Exklusivit\u00e4t &#8211; f\u00fcr besondere Momente in den Alpen Jetzt reservieren Exklusivit\u00e4t trifft Natur &amp; Komfort: Ebner 1822 ist kein klassisches Feriendomizil \u2013 sondern ein Ort, an dem Sie als Paar zur Ruhe kommen.Nur drei exklusive Naturh\u00e4user stehen Ihnen zur Wahl \u2013 jedes aus Stroh, Lehm und Holz gebaut, mit viel [&hellip;]<\/p>\n","protected":false},"author":1,"featured_media":0,"parent":0,"menu_order":0,"comment_status":"closed","ping_status":"closed","template":"","meta":{"footnotes":""},"class_list":["post-237","page","type-page","status-publish","hentry"],"_links":{"self":[{"href":"https:\/\/ebner1822.at\/en\/wp-json\/wp\/v2\/pages\/237","targetHints":{"allow":["GET"]}}],"collection":[{"href":"https:\/\/ebner1822.at\/en\/wp-json\/wp\/v2\/pages"}],"about":[{"href":"https:\/\/ebner1822.at\/en\/wp-json\/wp\/v2\/types\/page"}],"author":[{"embeddable":true,"href":"https:\/\/ebner1822.at\/en\/wp-json\/wp\/v2\/users\/1"}],"replies":[{"embeddable":true,"href":"https:\/\/ebner1822.at\/en\/wp-json\/wp\/v2\/comments?post=237"}],"version-history":[{"count":165,"href":"https:\/\/ebner1822.at\/en\/wp-json\/wp\/v2\/pages\/237\/revisions"}],"predecessor-version":[{"id":2017,"href":"https:\/\/ebner1822.at\/en\/wp-json\/wp\/v2\/pages\/237\/revisions\/2017"}],"wp:attachment":[{"href":"https:\/\/ebner1822.at\/en\/wp-json\/wp\/v2\/media?parent=237"}],"curies":[{"name":"wp","href":"https:\/\/api.w.org\/{rel}","templated":true}]}}