{"id":1583,"date":"2025-10-07T08:30:22","date_gmt":"2025-10-07T08:30:22","guid":{"rendered":"https:\/\/ebner1822.at\/?page_id=1583"},"modified":"2025-12-07T10:12:58","modified_gmt":"2025-12-07T10:12:58","slug":"leisure-facilities","status":"publish","type":"page","link":"https:\/\/ebner1822.at\/en\/freizeitmoglichkeiten\/","title":{"rendered":"Leisure time"},"content":{"rendered":"<div data-elementor-type=\"wp-page\" data-elementor-id=\"1583\" class=\"elementor elementor-1583\" data-elementor-post-type=\"page\">\n\t\t\t\t<div class=\"elementor-element elementor-element-5cf84ef e-flex e-con-boxed e-con e-parent\" data-id=\"5cf84ef\" data-element_type=\"container\" data-e-type=\"container\">\n\t\t\t\t\t<div class=\"e-con-inner\">\n\t\t\t\t<div class=\"elementor-element elementor-element-3821f63 elementor-widget elementor-widget-html\" data-id=\"3821f63\" data-element_type=\"widget\" data-e-type=\"widget\" data-widget_type=\"html.default\">\n\t\t\t\t<div class=\"elementor-widget-container\">\n\t\t\t\t\t<div class=\"umgebung-section\">\n        <!-- Hero Section -->\n        <div class=\"umgebung-hero\">\n            <h1>Experience Carinthian nature<\/h1>\n            <p>Discover the wide range of leisure activities around Ebner 1822 in Carinthia. From picturesque golf courses and snow-sure ski resorts to idyllic hiking routes and crystal-clear lakes - there's something for everyone here.<\/p>\n        <\/div>\n\n        <!-- Restaurants Section -->\n        <div class=\"category-section\">\n            <h2 class=\"category-title\">\n                <svg class=\"icon\" viewbox=\"0 0 24 24\">\n                    <path d=\"M8.1 13.34l2.83-2.83L3.91 3.5c-1.56 1.56-1.56 4.09 0 5.66l4.19 4.18zm6.78-1.81c1.53.71 3.68.21 5.27-1.38 1.91-1.91 2.28-4.65.81-6.12-1.46-1.46-4.2-1.1-6.12.81-1.59 1.59-2.09 3.74-1.38 5.27L3.7 19.87l1.41 1.41L12 14.41l6.88 6.88 1.41-1.41L13.41 13l1.47-1.47z\"\/>\n                <\/svg>\n                Restaurants and cuisine\n            <\/h2>\n            <p class=\"category-intro\">Enjoy regional specialities and Carinthian home cooking in a cosy atmosphere.<\/p>\n            \n            <div class=\"attractions-grid\">\n                <div class=\"attraction-card\">\n                    <h3>Landgasthof Seebacher<\/h3>\n                    <p>Toque-awarded restaurant just 300 metres from the Ebner. Regional specialities in a cosy restaurant atmosphere. High-quality products from the region.<\/p>\n                    <a href=\"https:\/\/www.seebacher.at\/\" target=\"_blank\" class=\"attraction-link\" rel=\"noopener\">Find out more \u2192<\/a>\n                <\/div>\n                \n                <div class=\"attraction-card\">\n                    <h3>Bacher Inn<\/h3>\n                    <p>Traditional Carinthian cuisine and specialities from the Nockberge region in a cosy restaurant.<\/p>\n                    <a href=\"http:\/\/bachergnesau.com\/\" target=\"_blank\" class=\"attraction-link\" rel=\"noopener\">Find out more \u2192<\/a>\n                <\/div>\n                \n                <div class=\"attraction-card\">\n                    <h3>Old Point in Arriach<\/h3>\n                    <p>Two toque-awarded restaurants and the culinary centrepiece of the region at the heart of Carinthia.<\/p>\n                    <a href=\"https:\/\/www.altepoint.at\/\" target=\"_blank\" class=\"attraction-link\" rel=\"noopener\">Find out more \u2192<\/a>\n                <\/div>\n                \n                <div class=\"attraction-card\">\n                    <h3>Trattlers Einkehr in Bad Kleinkirchheim<\/h3>\n                    <p>The rustic hut is located right in the centre of Bad Kleinkirchheim. Upper Carinthian trout and char, steak from the Austrian calf or the sweet Carinthian Reindling are just some of the many culinary delights that await you at the inn<\/p>\n                    <a href=\"https:\/\/www.trattlers-einkehr.at\/\" target=\"_blank\" class=\"attraction-link\" rel=\"noopener\">Find out more \u2192<\/a>\n                <\/div>\n            <\/div>\n        <\/div>\n\n        <!-- Golf Section -->\n        <div class=\"category-section\">\n            <h2 class=\"category-title\">\n                <svg class=\"icon\" viewbox=\"0 0 24 24\">\n                    <path d=\"M12 2C6.48 2 2 6.48 2 12s4.48 10 10 10 10-4.48 10-10S17.52 2 12 2zm-2 15l-5-5 1.41-1.41L10 14.17l7.59-7.59L19 8l-9 9z\"\/>\n                <\/svg>\n                Golf courses in the neighbourhood\n            <\/h2>\n            <p class=\"category-intro\">Experience golf in the midst of the breathtaking Carinthian landscape on first-class golf courses.<\/p>\n            \n            <div class=\"attractions-grid\">\n                <div class=\"attraction-card\">\n                    <h3>Velden W\u00f6rthersee Golf Club<\/h3>\n                    <p>A wonderful 18-hole course with a view of Lake W\u00f6rthersee. Challenging golf meets a unique landscape.<\/p>\n                    <a href=\"https:\/\/www.golfvelden.at\/\" target=\"_blank\" class=\"attraction-link\" rel=\"noopener\">Find out more \u2192<\/a>\n                <\/div>\n                \n                <div class=\"attraction-card\">\n                    <h3>Carinthian Golf Club Dellach<\/h3>\n                    <p>One of the best clubs in Europe for over 90 years. Tradition meets modern standards at Lake W\u00f6rthersee.<\/p>\n                    <a href=\"https:\/\/kgcdellach.at\/\" target=\"_blank\" class=\"attraction-link\" rel=\"noopener\">Find out more \u2192<\/a>\n                <\/div>\n                \n                <div class=\"attraction-card\">\n                    <h3>Moosburg-P\u00f6rtschach Golf Club<\/h3>\n                    <p>18- and 9-hole golf courses in a park landscape, just a stone's throw from Lake W\u00f6rthersee.<\/p>\n                    <a href=\"https:\/\/www.golfclubmoosburg.at\/\" target=\"_blank\" class=\"attraction-link\" rel=\"noopener\">Find out more \u2192<\/a>\n                <\/div>\n                \n                <div class=\"attraction-card\">\n                    <h3>Golf course Bad Kleinkirchheim<\/h3>\n                    <p>Golfing in the Nockberge mountains with breathtaking scenery and perfectly manicured fairways.<\/p>\n                    <a href=\"https:\/\/www.seeundberg.at\/golf\/bad-kleinkirchheim\/\" target=\"_blank\" class=\"attraction-link\" rel=\"noopener\">Find out more \u2192<\/a>\n                <\/div>\n            <\/div>\n        <\/div>\n\n        <!-- Ski Section -->\n        <div class=\"category-section\">\n            <h2 class=\"category-title\">\n                <svg class=\"icon\" viewbox=\"0 0 24 24\">\n                    <path d=\"M13 5.83l1.88 1.88-1.6 1.6 1.41 1.41 3.02-3.02L12 2h-1v5.03l2 2v-3.2zM5.41 4L4 5.41 10.59 12 5 17.59 6.41 19 11 14.41V22h1l5.71-5.71-2.3-2.3L13 16.41V14.59L18.59 20 20 18.59 5.41 4z\"\/>\n                <\/svg>\n                Ski resorts for winter sports enthusiasts\n            <\/h2>\n            <p class=\"category-intro\">Ski resorts with guaranteed snow and perfectly groomed pistes for unforgettable winter sports experiences.<\/p>\n            \n            <div class=\"attractions-grid\">\n                <div class=\"attraction-card\">\n                    <h3>Bad Kleinkirchheim<\/h3>\n                    <p>103 km of pistes and 24 lifts. Skiing fun combined with thermal enjoyment in one of Carinthia's largest ski areas.<\/p>\n                    <a href=\"https:\/\/www.badkleinkirchheim.com\/\" target=\"_blank\" class=\"attraction-link\" rel=\"noopener\">Find out more \u2192<\/a>\n                <\/div>\n                \n                <div class=\"attraction-card\">\n                    <h3>Turracher H\u00f6he<\/h3>\n                    <p>Guaranteed snow and family-friendly at 1,763 metres above sea level. Skiing between crystal-clear mountain lakes.<\/p>\n                    <a href=\"https:\/\/www.turracherhoehe.at\/\" target=\"_blank\" class=\"attraction-link\" rel=\"noopener\">Find out more \u2192<\/a>\n                <\/div>\n                \n                <div class=\"attraction-card\">\n                    <h3>Gerlitzen Alpe<\/h3>\n                    <p>Panoramic views over the whole of Carinthia at an altitude of 1,911 metres. 34 varied pistes for every level of ability.<\/p>\n                    <a href=\"https:\/\/www.gerlitzen.com\/\" target=\"_blank\" class=\"attraction-link\" rel=\"noopener\">Find out more \u2192<\/a>\n                <\/div>\n                \n                <div class=\"attraction-card\">\n                    <h3>Heidi Alm Falkert<\/h3>\n                    <p>A small, fine ski area, ideal for families with children and connoisseurs.<\/p>\n                    <a href=\"https:\/\/www.heidialm.at\/home\/de\/skiurlaub\/\" target=\"_blank\" class=\"attraction-link\" rel=\"noopener\">Find out more \u2192<\/a>\n                <\/div>\n            <\/div>\n        <\/div>\n\n        <!-- Hiking Section -->\n        <div class=\"category-section\">\n            <h2 class=\"category-title\">\n                <svg class=\"icon\" viewbox=\"0 0 24 24\">\n                    <path d=\"M13.5 5.5c1.1 0 2-.9 2-2s-.9-2-2-2-2 .9-2 2 .9 2 2 2zM9.8 8.9L7 23h2.1l1.8-8 2.1 2v6h2v-7.5l-2.1-2 .6-3C14.8 12 16.8 13 19 13v-2c-1.9 0-3.5-1-4.3-2.4l-1-1.6c-.4-.6-1-1-1.7-1-.3 0-.5.1-.8.1L9 8.1V13h2V9.9l-.2-1z\"\/>\n                <\/svg>\n                Hiking routes for nature lovers\n            <\/h2>\n            <p class=\"category-intro\">Discover the beauty of the Nockberge mountains on selected hiking trails for every level of difficulty.<\/p>\n            \n            <div class=\"attractions-grid\">\n                <div class=\"attraction-card\">\n                    <h3>Gnesau round<\/h3>\n                    <p>Easy hike directly from Ebner 1822. Wonderful circular hiking trail through the entire municipal area.<\/p>\n                    <a href=\"https:\/\/www.alltrails.com\/trail\/austria\/carinthia\/gnesau-runde\" target=\"_blank\" class=\"attraction-link\" rel=\"noopener\">Find out more \u2192<\/a>\n                <\/div>\n                \n                <div class=\"attraction-card\">\n                    <h3>Tiebelquellen riverside path<\/h3>\n                    <p>Wonderful hike to the natural spectacle of the Tiebel springs. Easily accessible paths.<\/p>\n                    <a href=\"https:\/\/www.bergfex.at\/sommer\/kaernten\/touren\/wanderung\/234485,naturschauspiel-tiebelquellen--himmelberg\/\" target=\"_blank\" class=\"attraction-link\" rel=\"noopener\">Find out more \u2192<\/a>\n                <\/div>\n                \n                <div class=\"attraction-card\">\n                    <h3>Mirnock<\/h3>\n                    <p>A challenging tour with magnificent views. Kneipp panoramic trail with the scent of blooming alpine meadows.<\/p>\n                    <a href=\"https:\/\/www.seeundberg.at\/wandern\/slow-trails\/#c332131\" target=\"_blank\" class=\"attraction-link\" rel=\"noopener\">Find out more \u2192<\/a>\n                <\/div>\n                \n                <div class=\"attraction-card\">\n                    <h3>Slow Trails Carinthia<\/h3>\n                    <p>Decelerated hiking experiences in the Nockberge mountains. Pleasure hiking with special views.<\/p>\n                    <a href=\"https:\/\/www.seeundberg.at\/wandern\/#c333527\" target=\"_blank\" rel=\"noopener\">Find out more \u2192<\/a>\n                <\/div>\n            <\/div>\n        <\/div>\n\n        <!-- Lakes Section -->\n        <div class=\"category-section\">\n            <h2 class=\"category-title\">\n                <svg class=\"icon\" viewbox=\"0 0 24 24\">\n                    <path d=\"M12 2l3.09 6.26L22 9.27l-5 4.87 1.18 6.88L12 17.77l-6.18 3.25L7 14.14 2 9.27l6.91-1.01L12 2z\"\/>\n                <\/svg>\n                Lakes for relaxing and swimming\n            <\/h2>\n            <p class=\"category-intro\">Crystal-clear mountain lakes and warm bathing lakes invite you to swim, sail and relax.<\/p>\n            \n            <div class=\"attractions-grid\">\n                <div class=\"attraction-card\">\n                    <h3>Lake Ossiach<\/h3>\n                    <p>Ideal for swimming, sailing and surfing. The third largest lake in Carinthia with marvellous bathing spots.<\/p>\n                    <a href=\"https:\/\/ossiachersee.net\/\" target=\"_blank\" class=\"attraction-link\" rel=\"noopener\">Find out more \u2192<\/a>\n                <\/div>\n                \n                <div class=\"attraction-card\">\n                    <h3>Lake Turrach<\/h3>\n                    <p>A high mountain lake at 1,763 metres with unique flora and fauna. Crystal-clear water in the middle of the mountains.<\/p>\n                    <a href=\"https:\/\/www.turracherhoehe.at\/\" target=\"_blank\" class=\"attraction-link\" rel=\"noopener\">Find out more \u2192<\/a>\n                <\/div>\n                \n                <div class=\"attraction-card\">\n                    <h3>Lake W\u00f6rthersee<\/h3>\n                    <p>The most famous lake in Carinthia with a sophisticated flair. Warm water and exclusive bathing beaches.<\/p>\n                    <a href=\"https:\/\/www.woerthersee.com\/\" target=\"_blank\" class=\"attraction-link\" rel=\"noopener\">Find out more \u2192<\/a>\n                <\/div>\n                \n                <div class=\"attraction-card\">\n                    <h3>Lake Millst\u00e4tter See<\/h3>\n                    <p>The second largest lake in Carinthia, known for its drinking water quality and picturesque surroundings.<\/p>\n                    <a href=\"https:\/\/www.lakeandmountain.at\/\" target=\"_blank\" class=\"attraction-link\" rel=\"noopener\">Find out more \u2192<\/a>\n                <\/div>\n            <\/div>\n        <\/div>\n\n        <!-- Sights Section -->\n        <div class=\"category-section\">\n            <h2 class=\"category-title\">\n                <svg class=\"icon\" viewbox=\"0 0 24 24\">\n                    <path d=\"M12 2l3.09 6.26L22 9.27l-5 4.87 1.18 6.88L12 17.77l-6.18 3.25L7 14.14 2 9.27l6.91-1.01L12 2z\"\/>\n                <\/svg>\n                Sights and excursion destinations\n            <\/h2>\n            <p class=\"category-intro\">Discover cultural highlights and unique nature experiences in the region.<\/p>\n            \n            <div class=\"attractions-grid\">\n                <div class=\"attraction-card\">\n                    <h3>Gerlitzen summit<\/h3>\n                    <p>Accessible by cable car, it offers a 360-degree panoramic view over Carinthia. Unforgettable views.<\/p>\n                    <a href=\"https:\/\/www.gerlitzen.com\/\" target=\"_blank\" class=\"attraction-link\" rel=\"noopener\">Find out more \u2192<\/a>\n                <\/div>\n                \n                <div class=\"attraction-card\">\n                    <h3>Affenberg Landskron<\/h3>\n                    <p>A unique experience with 180 free-roaming Japanese macaques in a 4.5-hectare outdoor enclosure.<\/p>\n                    <a href=\"https:\/\/www.affenberg.com\/\" target=\"_blank\" class=\"attraction-link\" rel=\"noopener\">Find out more \u2192<\/a>\n                <\/div>\n                \n                <div class=\"attraction-card\">\n                    <h3>Hochosterwitz Castle<\/h3>\n                    <p>One of the most imposing castle complexes in Austria. Medieval fortress on a 172 metre high dolomite rock.<\/p>\n                    <a href=\"https:\/\/www.burg-hochosterwitz.com\/\" target=\"_blank\" class=\"attraction-link\" rel=\"noopener\">Find out more \u2192<\/a>\n                <\/div>\n                \n                <div class=\"attraction-card\">\n                    <h3>Minimundus Klagenfurt<\/h3>\n                    <p>The small world on Lake W\u00f6rthersee with 1:25 scale models of famous buildings from all over the world.<\/p>\n                    <a href=\"https:\/\/www.minimundus.at\/\" target=\"_blank\" class=\"attraction-link\" rel=\"noopener\">Find out more \u2192<\/a>\n                <\/div>\n            <\/div>\n        <\/div>\n    <\/div>\n\t\t\t\t<\/div>\n\t\t\t\t<\/div>\n\t\t\t\t\t<\/div>\n\t\t\t\t<\/div>\n\t\t\t\t<\/div>","protected":false},"excerpt":{"rendered":"<p>Die K\u00e4rntner Natur erleben Entdecken Sie die vielf\u00e4ltigen Freizeitm\u00f6glichkeiten rund um Ebner 1822 in K\u00e4rnten. Von malerischen Golfpl\u00e4tzen \u00fcber schneesichere Skigebiete bis hin zu idyllischen Wanderrouten und kristallklaren Seen \u2013 hier ist f\u00fcr jeden etwas dabei. Restaurants und Kulinarik Genie\u00dfen Sie regionale Spezialit\u00e4ten und K\u00e4rntner Hausmannskost in gem\u00fctlicher Atmosph\u00e4re. Landgasthof Seebacher Haubenrestaurant nur 300m vom [&hellip;]<\/p>\n","protected":false},"author":2,"featured_media":0,"parent":0,"menu_order":0,"comment_status":"closed","ping_status":"closed","template":"","meta":{"footnotes":""},"class_list":["post-1583","page","type-page","status-publish","hentry"],"_links":{"self":[{"href":"https:\/\/ebner1822.at\/en\/wp-json\/wp\/v2\/pages\/1583","targetHints":{"allow":["GET"]}}],"collection":[{"href":"https:\/\/ebner1822.at\/en\/wp-json\/wp\/v2\/pages"}],"about":[{"href":"https:\/\/ebner1822.at\/en\/wp-json\/wp\/v2\/types\/page"}],"author":[{"embeddable":true,"href":"https:\/\/ebner1822.at\/en\/wp-json\/wp\/v2\/users\/2"}],"replies":[{"embeddable":true,"href":"https:\/\/ebner1822.at\/en\/wp-json\/wp\/v2\/comments?post=1583"}],"version-history":[{"count":41,"href":"https:\/\/ebner1822.at\/en\/wp-json\/wp\/v2\/pages\/1583\/revisions"}],"predecessor-version":[{"id":1681,"href":"https:\/\/ebner1822.at\/en\/wp-json\/wp\/v2\/pages\/1583\/revisions\/1681"}],"wp:attachment":[{"href":"https:\/\/ebner1822.at\/en\/wp-json\/wp\/v2\/media?parent=1583"}],"curies":[{"name":"wp","href":"https:\/\/api.w.org\/{rel}","templated":true}]}}